{"id":380,"date":"2021-01-13T11:50:00","date_gmt":"2021-01-13T11:50:00","guid":{"rendered":"https:\/\/sobremesa.ifesworld.org\/sequiper\/"},"modified":"2021-10-14T11:46:23","modified_gmt":"2021-10-14T10:46:23","slug":"sequiper","status":"publish","type":"page","link":"https:\/\/sobremesa.ifesworld.org\/fr\/sequiper\/","title":{"rendered":"S\u2019\u00e9quiper"},"content":{"rendered":"<div class=\"wp-block block-acf-spacer\">\n<div id=\"spacer-block_5ec413b4cc943\" class=\"\">\n    <div aria-hidden=\"true\" class=\"wp-block-spacer spacer--md\"><\/div>\n<\/div>\n<\/div>\n\n<div class=\"wp-block block-core-group alignfull\">\n<div class=\"wp-block-group alignfull has-white-background-color has-background is-layout-flow\"><div class=\"wp-block-group__inner-container\"><div class=\"wp-block block-core-heading\">\n<h1 class=\"wp-block-heading\">Tu n\u2019es pas seul(e) ! <\/h1>\n<\/div>\n\n<div class=\"wp-block block-core-paragraph\">\n<p>Tu te poses des questions sur le dialogue interculturel, la fa\u00e7on de construire des relations profondes, le fait de mener une \u00e9tude biblique ou de cr\u00e9er un partenariat avec ton \u00e9glise locale ? Tu n\u2019es pas seul(e) ! <\/p>\n<\/div>\n\n<div class=\"wp-block block-core-paragraph\">\n<p>Sobremesa vous propose un ensemble divers de ressources pour vous aider \u00e0 mieux comprendre comment nouer une amiti\u00e9 avec les \u00e9tudiants internationaux qui vous entourent. Vous \u00eates invit\u00e9 \u00e0 vous joindre \u00e0 une communaut\u00e9 de personnes qui cherchent \u00e0 faire ce m\u00eame effort \u00e0 la rencontre d&rsquo;autres.<\/p>\n<\/div>\n\n<div class=\"wp-block block-core-heading\">\n<h2 class=\"wp-block-heading\">Le monde de Dieu \u00e0 votre porte<\/h2>\n<\/div>\n\n<div class=\"wp-block block-acf-spacer\">\n<div id=\"spacer-block_61323c7cb2f6c\" class=\"\">\n    <div aria-hidden=\"true\" class=\"wp-block-spacer spacer--md\"><\/div>\n<\/div>\n<\/div>\n\n<div class=\"wp-block block-core-image aligncenter\">\n<div class=\"wp-block-image\"><figure class=\"aligncenter size-full\"><a href=\"https:\/\/sobremesa.ifesworld.org\/wp-content\/uploads\/2021\/09\/Gods-World-on-Your-Doorstep-FR.pdf\"><img decoding=\"async\" loading=\"lazy\" width=\"707\" height=\"1000\" src=\"https:\/\/sobremesa.ifesworld.org\/wp-content\/uploads\/2021\/09\/Sobremesa-Cover-FR-small.jpg\" alt=\"\" class=\"wp-image-597\" srcset=\"https:\/\/sobremesa.ifesworld.org\/wp-content\/uploads\/2021\/09\/Sobremesa-Cover-FR-small.jpg 707w, https:\/\/sobremesa.ifesworld.org\/wp-content\/uploads\/2021\/09\/Sobremesa-Cover-FR-small-212x300.jpg 212w\" sizes=\"(max-width: 707px) 100vw, 707px\" \/><\/a><\/figure><\/div>\n<\/div>\n\n<div class=\"wp-block block-core-paragraph\">\n<p><strong><a href=\"https:\/\/sobremesa.ifesworld.org\/wp-content\/uploads\/2021\/09\/Gods-World-on-Your-Doorstep-FR.pdf\" target=\"_blank\" rel=\"noreferrer noopener\">Le monde de Dieu \u00e0 votre porte<\/a><\/strong>&nbsp;est un livret&nbsp;pratique regorgeant de conseils sur les relations interculturelles avec des \u00e9tudiants internationaux. De la pri\u00e8re \u00e0 la planification en passant par la communication, ce t\u00e9l\u00e9chargement gratuit vous donnera une base utile pour commencer.&nbsp;<\/p>\n<\/div>\n\n<div class=\"wp-block block-acf-ifesbutton aligncenter\">\n<div class=\"aligncenter\">\n    <a id=\"btn-block_61323b49b2f6b\" target=\"\" href=\"https:\/\/sobremesa.ifesworld.org\/wp-content\/uploads\/2021\/09\/Gods-World-on-Your-Doorstep-FR.pdf\" class=\"btn btn--primary\">\n        <span>\n        LIRE MAINTENANT        <\/span>\n    <\/a>\n<\/div>\n\n<\/div><\/div>\n<\/div><\/div>\n\n<div class=\"wp-block block-core-group alignfull\">\n<div class=\"wp-block-group alignfull has-white-dark-background-color has-background is-layout-flow\"><div class=\"wp-block-group__inner-container\"><div class=\"wp-block block-core-heading\">\n<h1 class=\"wp-block-heading\" id=\"bienvenue\"><em>Partage cette vid\u00e9o de bienvenue<\/em><\/h1>\n<\/div>\n\n<div class=\"wp-block block-core-columns\">\n<div class=\"wp-block-columns is-layout-flex wp-container-4\">\n<div class=\"wp-block-column is-layout-flow\" style=\"flex-basis:66.66%\"><div class=\"wp-block block-core-paragraph\">\n<p>Avec Sobremesa, nous voulons faire passer un message aux \u00e9tudiants internationaux&nbsp;: BIENVENUE&nbsp;! Vous pouvez, avec votre groupe \u00e9tudiant, rejoindre le mouvement en partageant<a href=\"https:\/\/sobremesa.ifesworld.org\/wp-content\/uploads\/2021\/09\/IFES-Bienvenue.mp4\"> notre vid\u00e9o de bienvenue<\/a> sur vos plateformes en ligne. <\/p>\n<\/div>\n\n<div class=\"wp-block block-core-paragraph\">\n<p>Cr\u00e9ez d&#8217;embl\u00e9e une culture d&rsquo;acceptation et d&rsquo;hospitalit\u00e9.&nbsp;<\/p>\n<\/div>\n\n<div class=\"wp-block block-core-paragraph\">\n<p><a href=\"https:\/\/sobremesa.ifesworld.org\/wp-content\/uploads\/2021\/09\/IFES-Bienvenue.mp4\">Partagez cette vid\u00e9o <\/a>sur tous vos r\u00e9seaux sociaux pour envoyer un message de bienvenue aux \u00e9tudiants internationaux qui vous entourent.<\/p>\n<\/div><\/div>\n\n\n\n<div class=\"wp-block-column is-layout-flow\" style=\"flex-basis:33.33%\"><div class=\"wp-block block-core-image\">\n<figure class=\"wp-block-image size-full\"><a href=\"https:\/\/sobremesa.ifesworld.org\/wp-content\/uploads\/2021\/09\/IFES-Bienvenue.mp4\"><img decoding=\"async\" loading=\"lazy\" width=\"360\" height=\"450\" src=\"https:\/\/sobremesa.ifesworld.org\/wp-content\/uploads\/2021\/09\/Share-FR.gif\" alt=\"\" class=\"wp-image-686\"\/><\/a><\/figure>\n<\/div><\/div>\n<\/div>\n<\/div><\/div>\n<\/div><\/div>\n\n<div class=\"wp-block block-core-group\">\n<div class=\"wp-block-group is-layout-flow\"><div class=\"wp-block-group__inner-container\"><div class=\"wp-block block-core-heading\">\n<h1 class=\"wp-block-heading\">IFES Connect<\/h1>\n<\/div>\n\n<div class=\"wp-block block-core-paragraph\">\n<p>Vous cherchez d&rsquo;autres ressources ? <a href=\"https:\/\/connect.ifesworld.org\/topics\/29302\">Le groupe\u00a0Sobremesa\u00a0sur IFES\u00a0Connect<\/a>\u00a0h\u00e9berge des articles, des vid\u00e9os et des liens vers d&rsquo;autres sites web pour vous aider \u00e0 approfondir votre cheminement dans vos amiti\u00e9s avec des \u00e9tudiants\u00a0internationaux. Mieux encore, il offre une communaut\u00e9\u00a0o\u00f9 vous pouvez faire part de vos questions, de vos histoires, de vos d\u00e9fis et vos joies avec d&rsquo;autres qui ont r\u00e9pondu \u00e0 cet appel.\u00a0\u00a0<\/p>\n<\/div>\n\n<div class=\"wp-block block-core-paragraph\">\n<p>Comment y prendre part :&nbsp;<\/p>\n<\/div>\n\n<div class=\"wp-block block-core-list\">\n<ol><li>Visitez <a href=\"https:\/\/connect.ifesworld.org\">connect.ifesworld.org<\/a> pour demander l&rsquo;admission.\u00a0<\/li><\/ol>\n<\/div>\n\n<div class=\"wp-block block-core-list\">\n<ol start=\"2\"><li>Une fois accept\u00e9, cliquez sur \u00ab\u202fGroupes\u202f\u00bb en haut de la page.&nbsp;<\/li><\/ol>\n<\/div>\n\n<div class=\"wp-block block-core-list\">\n<ol start=\"3\"><li>Cliquez sur le groupe&nbsp;Sobremesa&nbsp;et commencez \u00e0 partager !&nbsp;<\/li><\/ol>\n<\/div>\n\n<div class=\"wp-block block-core-list\">\n<ol start=\"4\"><li>Dans le groupe, cliquez sur \u00ab\u202fBiblioth\u00e8que de ressources\u202f\u00bb pour trouver du mat\u00e9riel suppl\u00e9mentaire pour vous aider \u00e0 vous&nbsp;\u00eatre \u00e9quip\u00e9.&nbsp;<\/li><\/ol>\n<\/div><\/div>\n<\/div><\/div>\n\n<div class=\"wp-block block-core-group alignfull\">\n<div class=\"wp-block-group alignfull is-layout-flow\"><div class=\"wp-block-group__inner-container\"><div class=\"wp-block block-core-group alignfull\">\n<div class=\"wp-block-group alignfull has-white-background-color has-background is-layout-flow\"><div class=\"wp-block-group__inner-container\"><div class=\"wp-block block-acf-calltoactiongrid alignfull\">\n<section id=\"calltoactiongrid-block-block_5fa536c34b3da\" class=\"alignfull calltoaction--grid custom-post-list list--custom\">\n    <ul class='post-list items--3 flex flex--wrap flex--center-x no-style'>\n                <li class=\"post__item flex flex--column\">\n              <article>\n                  <figure class=\"image--absolute--center image--absolute--mask image--absolute--aspect-ratio aspect-ratio--4-3\">\n                    <img width=\"300\" height=\"200\" src=\"https:\/\/sobremesa.ifesworld.org\/wp-content\/uploads\/2020\/11\/19WAWorldStudentDay004-300x200.jpg\" class=\"attachment-medium size-medium\" alt=\"\" decoding=\"async\" loading=\"lazy\" srcset=\"https:\/\/sobremesa.ifesworld.org\/wp-content\/uploads\/2020\/11\/19WAWorldStudentDay004-300x200.jpg 300w, https:\/\/sobremesa.ifesworld.org\/wp-content\/uploads\/2020\/11\/19WAWorldStudentDay004-1024x683.jpg 1024w, https:\/\/sobremesa.ifesworld.org\/wp-content\/uploads\/2020\/11\/19WAWorldStudentDay004-768x512.jpg 768w, https:\/\/sobremesa.ifesworld.org\/wp-content\/uploads\/2020\/11\/19WAWorldStudentDay004-1536x1024.jpg 1536w, https:\/\/sobremesa.ifesworld.org\/wp-content\/uploads\/2020\/11\/19WAWorldStudentDay004.jpg 1920w\" sizes=\"(max-width: 300px) 100vw, 300px\" \/>                  <\/figure>\n                  <div class=\"ctagrid__content flex flex--column flex--end\">\n                      <header class=\"ctagrid__header flex flex--center aspect-ratio--4-3\">\n                          <h2 class=\"h1 flex flex--column flex--center\">Notre vision<\/h2>\n                      <\/header>\n                      <p class=\"text--center\">Pourquoi sommes-nous appel\u00e9s \u00e0 aimer nos camarades de classe ?<\/p>\n                       \n<div class=\"align--center\">\n    <a id=\"calltoactiongrid-block-block_5fa536c34b3da\" target=\"\" href=\"https:\/\/sobremesa.ifesworld.org\/fr\/351-2\/\" class=\"grid-cta__button btn btn--secondary\">\n        <span>\n        En savoir plus        <\/span>\n    <\/a>\n<\/div>\n\n                  <\/div>\n              <\/article>\n          <\/li>\n                <li class=\"post__item flex flex--column\">\n              <article>\n                  <figure class=\"image--absolute--center image--absolute--mask image--absolute--aspect-ratio aspect-ratio--4-3\">\n                    <img width=\"300\" height=\"200\" src=\"https:\/\/sobremesa.ifesworld.org\/wp-content\/uploads\/2020\/11\/REVIVE20191229-AM-0926-300x200.jpg\" class=\"attachment-medium size-medium\" alt=\"\" decoding=\"async\" loading=\"lazy\" srcset=\"https:\/\/sobremesa.ifesworld.org\/wp-content\/uploads\/2020\/11\/REVIVE20191229-AM-0926-300x200.jpg 300w, https:\/\/sobremesa.ifesworld.org\/wp-content\/uploads\/2020\/11\/REVIVE20191229-AM-0926-1024x683.jpg 1024w, https:\/\/sobremesa.ifesworld.org\/wp-content\/uploads\/2020\/11\/REVIVE20191229-AM-0926-768x512.jpg 768w, https:\/\/sobremesa.ifesworld.org\/wp-content\/uploads\/2020\/11\/REVIVE20191229-AM-0926-1536x1024.jpg 1536w, https:\/\/sobremesa.ifesworld.org\/wp-content\/uploads\/2020\/11\/REVIVE20191229-AM-0926.jpg 1920w\" sizes=\"(max-width: 300px) 100vw, 300px\" \/>                  <\/figure>\n                  <div class=\"ctagrid__content flex flex--column flex--end\">\n                      <header class=\"ctagrid__header flex flex--center aspect-ratio--4-3\">\n                          <h2 class=\"h1 flex flex--column flex--center\">Trouver l\u2019inspiration<\/h2>\n                      <\/header>\n                      <p class=\"text--center\">Au travers de t\u00e9moignages, d\u00e9couvrez l&rsquo;\u0153uvre de Dieu parmi les \u00e9tudiants internationaux.<\/p>\n                       \n<div class=\"align--center\">\n    <a id=\"calltoactiongrid-block-block_5fa536c34b3da\" target=\"\" href=\"https:\/\/sobremesa.ifesworld.org\/fr\/blog\/\" class=\"grid-cta__button btn btn--secondary\">\n        <span>\n        En savoir plus        <\/span>\n    <\/a>\n<\/div>\n\n                  <\/div>\n              <\/article>\n          <\/li>\n          <\/ul>\n<\/section><\/div><\/div>\n<\/div><\/div><\/div>\n<\/div><\/div>","protected":false},"excerpt":{"rendered":"<p>Tu n\u2019es pas seul(e) ! Tu te poses des questions sur le dialogue interculturel, la fa\u00e7on de construire des relations profondes, le fait de mener une \u00e9tude biblique ou de cr\u00e9er un partenariat avec ton \u00e9glise locale ? Tu n\u2019es pas seul(e) ! Sobremesa vous propose un ensemble divers de ressources pour vous aider \u00e0&#8230;<\/p>\n","protected":false},"author":4,"featured_media":468,"parent":0,"menu_order":0,"comment_status":"closed","ping_status":"closed","template":"","meta":{"inline_featured_image":false},"area":[],"theme":[],"acf":[],"yoast_head":"<!-- This site is optimized with the Yoast SEO plugin v20.8 - https:\/\/yoast.com\/wordpress\/plugins\/seo\/ -->\n<title>IFES Sobremesa - Ressources pour le minist\u00e8re parmis les \u00e9tudiants internationaux<\/title>\n<meta name=\"description\" content=\"Explorez les ressources pour le minist\u00e8re parmis les \u00e9tudiants internationaux. Livres, articles, podcasts et autres, en anglais, en allemand et dans d&#039;autres langues.\" \/>\n<meta name=\"robots\" content=\"index, follow, max-snippet:-1, max-image-preview:large, max-video-preview:-1\" \/>\n<link rel=\"canonical\" href=\"https:\/\/sobremesa.ifesworld.org\/fr\/sequiper\/\" \/>\n<meta property=\"og:locale\" content=\"fr_FR\" \/>\n<meta property=\"og:type\" content=\"article\" \/>\n<meta property=\"og:title\" content=\"IFES Sobremesa - Ressources pour le minist\u00e8re parmis les \u00e9tudiants internationaux\" \/>\n<meta property=\"og:description\" content=\"Explorez les ressources pour le minist\u00e8re parmis les \u00e9tudiants internationaux. Livres, articles, podcasts et autres, en anglais, en allemand et dans d&#039;autres langues.\" \/>\n<meta property=\"og:url\" content=\"https:\/\/sobremesa.ifesworld.org\/fr\/sequiper\/\" \/>\n<meta property=\"og:site_name\" content=\"IFES Sobremesa\" \/>\n<meta property=\"article:modified_time\" content=\"2021-10-14T10:46:23+00:00\" \/>\n<meta property=\"og:image\" content=\"https:\/\/sobremesa.ifesworld.org\/wp-content\/uploads\/2021\/02\/17EuropePresence_A5_3763.jpg\" \/>\n\t<meta property=\"og:image:width\" content=\"1920\" \/>\n\t<meta property=\"og:image:height\" content=\"1280\" \/>\n\t<meta property=\"og:image:type\" content=\"image\/jpeg\" \/>\n<meta name=\"twitter:card\" content=\"summary_large_image\" \/>\n<meta name=\"twitter:label1\" content=\"Dur\u00e9e de lecture estim\u00e9e\" \/>\n\t<meta name=\"twitter:data1\" content=\"2 minutes\" \/>\n<script type=\"application\/ld+json\" class=\"yoast-schema-graph\">{\"@context\":\"https:\/\/schema.org\",\"@graph\":[{\"@type\":\"WebPage\",\"@id\":\"https:\/\/sobremesa.ifesworld.org\/fr\/sequiper\/\",\"url\":\"https:\/\/sobremesa.ifesworld.org\/fr\/sequiper\/\",\"name\":\"IFES Sobremesa - Ressources pour le minist\u00e8re parmis les \u00e9tudiants internationaux\",\"isPartOf\":{\"@id\":\"https:\/\/sobremesa.ifesworld.org\/fr\/#website\"},\"datePublished\":\"2021-01-13T11:50:00+00:00\",\"dateModified\":\"2021-10-14T10:46:23+00:00\",\"description\":\"Explorez les ressources pour le minist\u00e8re parmis les \u00e9tudiants internationaux. Livres, articles, podcasts et autres, en anglais, en allemand et dans d'autres langues.\",\"breadcrumb\":{\"@id\":\"https:\/\/sobremesa.ifesworld.org\/fr\/sequiper\/#breadcrumb\"},\"inLanguage\":\"fr-FR\",\"potentialAction\":[{\"@type\":\"ReadAction\",\"target\":[\"https:\/\/sobremesa.ifesworld.org\/fr\/sequiper\/\"]}]},{\"@type\":\"BreadcrumbList\",\"@id\":\"https:\/\/sobremesa.ifesworld.org\/fr\/sequiper\/#breadcrumb\",\"itemListElement\":[{\"@type\":\"ListItem\",\"position\":1,\"name\":\"Home\",\"item\":\"https:\/\/sobremesa.ifesworld.org\/fr\/\"},{\"@type\":\"ListItem\",\"position\":2,\"name\":\"S\u2019\u00e9quiper\"}]},{\"@type\":\"WebSite\",\"@id\":\"https:\/\/sobremesa.ifesworld.org\/fr\/#website\",\"url\":\"https:\/\/sobremesa.ifesworld.org\/fr\/\",\"name\":\"IFES Sobremesa\",\"description\":\"Equipping for International Student Ministry\",\"publisher\":{\"@id\":\"https:\/\/sobremesa.ifesworld.org\/fr\/#organization\"},\"inLanguage\":\"fr-FR\"},{\"@type\":\"Organization\",\"@id\":\"https:\/\/sobremesa.ifesworld.org\/fr\/#organization\",\"name\":\"IFES Sobremesa\",\"url\":\"https:\/\/sobremesa.ifesworld.org\/fr\/\",\"logo\":{\"@type\":\"ImageObject\",\"inLanguage\":\"fr-FR\",\"@id\":\"https:\/\/sobremesa.ifesworld.org\/fr\/#\/schema\/logo\/image\/\",\"url\":\"https:\/\/sobremesa.ifesworld.org\/wp-content\/uploads\/2021\/03\/sobremesa-mark-v2.png\",\"contentUrl\":\"https:\/\/sobremesa.ifesworld.org\/wp-content\/uploads\/2021\/03\/sobremesa-mark-v2.png\",\"width\":400,\"height\":400,\"caption\":\"IFES Sobremesa\"},\"image\":{\"@id\":\"https:\/\/sobremesa.ifesworld.org\/fr\/#\/schema\/logo\/image\/\"}}]}<\/script>\n<!-- \/ Yoast SEO plugin. -->","yoast_head_json":{"title":"IFES Sobremesa - Ressources pour le minist\u00e8re parmis les \u00e9tudiants internationaux","description":"Explorez les ressources pour le minist\u00e8re parmis les \u00e9tudiants internationaux. Livres, articles, podcasts et autres, en anglais, en allemand et dans d'autres langues.","robots":{"index":"index","follow":"follow","max-snippet":"max-snippet:-1","max-image-preview":"max-image-preview:large","max-video-preview":"max-video-preview:-1"},"canonical":"https:\/\/sobremesa.ifesworld.org\/fr\/sequiper\/","og_locale":"fr_FR","og_type":"article","og_title":"IFES Sobremesa - Ressources pour le minist\u00e8re parmis les \u00e9tudiants internationaux","og_description":"Explorez les ressources pour le minist\u00e8re parmis les \u00e9tudiants internationaux. Livres, articles, podcasts et autres, en anglais, en allemand et dans d'autres langues.","og_url":"https:\/\/sobremesa.ifesworld.org\/fr\/sequiper\/","og_site_name":"IFES Sobremesa","article_modified_time":"2021-10-14T10:46:23+00:00","og_image":[{"width":1920,"height":1280,"url":"https:\/\/sobremesa.ifesworld.org\/wp-content\/uploads\/2021\/02\/17EuropePresence_A5_3763.jpg","type":"image\/jpeg"}],"twitter_card":"summary_large_image","twitter_misc":{"Dur\u00e9e de lecture estim\u00e9e":"2 minutes"},"schema":{"@context":"https:\/\/schema.org","@graph":[{"@type":"WebPage","@id":"https:\/\/sobremesa.ifesworld.org\/fr\/sequiper\/","url":"https:\/\/sobremesa.ifesworld.org\/fr\/sequiper\/","name":"IFES Sobremesa - Ressources pour le minist\u00e8re parmis les \u00e9tudiants internationaux","isPartOf":{"@id":"https:\/\/sobremesa.ifesworld.org\/fr\/#website"},"datePublished":"2021-01-13T11:50:00+00:00","dateModified":"2021-10-14T10:46:23+00:00","description":"Explorez les ressources pour le minist\u00e8re parmis les \u00e9tudiants internationaux. Livres, articles, podcasts et autres, en anglais, en allemand et dans d'autres langues.","breadcrumb":{"@id":"https:\/\/sobremesa.ifesworld.org\/fr\/sequiper\/#breadcrumb"},"inLanguage":"fr-FR","potentialAction":[{"@type":"ReadAction","target":["https:\/\/sobremesa.ifesworld.org\/fr\/sequiper\/"]}]},{"@type":"BreadcrumbList","@id":"https:\/\/sobremesa.ifesworld.org\/fr\/sequiper\/#breadcrumb","itemListElement":[{"@type":"ListItem","position":1,"name":"Home","item":"https:\/\/sobremesa.ifesworld.org\/fr\/"},{"@type":"ListItem","position":2,"name":"S\u2019\u00e9quiper"}]},{"@type":"WebSite","@id":"https:\/\/sobremesa.ifesworld.org\/fr\/#website","url":"https:\/\/sobremesa.ifesworld.org\/fr\/","name":"IFES Sobremesa","description":"Equipping for International Student Ministry","publisher":{"@id":"https:\/\/sobremesa.ifesworld.org\/fr\/#organization"},"inLanguage":"fr-FR"},{"@type":"Organization","@id":"https:\/\/sobremesa.ifesworld.org\/fr\/#organization","name":"IFES Sobremesa","url":"https:\/\/sobremesa.ifesworld.org\/fr\/","logo":{"@type":"ImageObject","inLanguage":"fr-FR","@id":"https:\/\/sobremesa.ifesworld.org\/fr\/#\/schema\/logo\/image\/","url":"https:\/\/sobremesa.ifesworld.org\/wp-content\/uploads\/2021\/03\/sobremesa-mark-v2.png","contentUrl":"https:\/\/sobremesa.ifesworld.org\/wp-content\/uploads\/2021\/03\/sobremesa-mark-v2.png","width":400,"height":400,"caption":"IFES Sobremesa"},"image":{"@id":"https:\/\/sobremesa.ifesworld.org\/fr\/#\/schema\/logo\/image\/"}}]}},"_links":{"self":[{"href":"https:\/\/sobremesa.ifesworld.org\/fr\/wp-json\/wp\/v2\/pages\/380"}],"collection":[{"href":"https:\/\/sobremesa.ifesworld.org\/fr\/wp-json\/wp\/v2\/pages"}],"about":[{"href":"https:\/\/sobremesa.ifesworld.org\/fr\/wp-json\/wp\/v2\/types\/page"}],"author":[{"embeddable":true,"href":"https:\/\/sobremesa.ifesworld.org\/fr\/wp-json\/wp\/v2\/users\/4"}],"replies":[{"embeddable":true,"href":"https:\/\/sobremesa.ifesworld.org\/fr\/wp-json\/wp\/v2\/comments?post=380"}],"version-history":[{"count":20,"href":"https:\/\/sobremesa.ifesworld.org\/fr\/wp-json\/wp\/v2\/pages\/380\/revisions"}],"predecessor-version":[{"id":741,"href":"https:\/\/sobremesa.ifesworld.org\/fr\/wp-json\/wp\/v2\/pages\/380\/revisions\/741"}],"wp:featuredmedia":[{"embeddable":true,"href":"https:\/\/sobremesa.ifesworld.org\/fr\/wp-json\/wp\/v2\/media\/468"}],"wp:attachment":[{"href":"https:\/\/sobremesa.ifesworld.org\/fr\/wp-json\/wp\/v2\/media?parent=380"}],"wp:term":[{"taxonomy":"area","embeddable":true,"href":"https:\/\/sobremesa.ifesworld.org\/fr\/wp-json\/wp\/v2\/area?post=380"},{"taxonomy":"theme","embeddable":true,"href":"https:\/\/sobremesa.ifesworld.org\/fr\/wp-json\/wp\/v2\/theme?post=380"}],"curies":[{"name":"wp","href":"https:\/\/api.w.org\/{rel}","templated":true}]}}