{"id":351,"date":"2021-01-08T09:13:29","date_gmt":"2021-01-08T09:13:29","guid":{"rendered":"https:\/\/sobremesa.ifesworld.org\/?page_id=351"},"modified":"2021-08-10T13:12:09","modified_gmt":"2021-08-10T12:12:09","slug":"notre-vision","status":"publish","type":"page","link":"https:\/\/sobremesa.ifesworld.org\/fr\/notre-vision\/","title":{"rendered":"notre vision"},"content":{"rendered":"<div class=\"wp-block block-core-group\">\n<div class=\"wp-block-group is-layout-flow\"><div class=\"wp-block-group__inner-container\"><div class=\"wp-block block-core-heading\">\n<h3 class=\"wp-block-heading\">Imagine si chaque \u00e9tudiant de l\u2019\u00e9tranger rencontrait un ami qui aimait vraiment J\u00e9sus.&nbsp;<br>Imagine si cet ami, c\u2019\u00e9tait toi.&nbsp;<\/h3>\n<\/div>\n\n<div class=\"wp-block block-core-paragraph\">\n<p>Il y a plus de 5 millions d\u2019\u00e9tudiants internationaux dispers\u00e9s dans le monde sur presque tous les campus, y compris le tien !&nbsp;Si certains ont peut-\u00eatre \u00e9t\u00e9 bien re\u00e7us, d\u2019autres sont peut-\u00eatre pass\u00e9s inaper\u00e7us, voire ont \u00e9t\u00e9 bless\u00e9s par ceux qui ne les ont pas accueillis.&nbsp;&nbsp;<\/p>\n<\/div>\n\n<div class=\"wp-block block-core-paragraph\">\n<p>Et si nous \u00e9tions les premiers \u00e0 les accueillir ? Quand le monde dit : \u00ab<em>\u202fTu es un \u00e9tranger<\/em>\u202f\u00bb, qu\u2019arriverait-il si nous disions : \u00ab\u202f<em>Tu es mon ami<\/em>\u202f\u00bb ? Et si la puissance transformatrice de Dieu le cr\u00e9ateur et de J\u00e9sus le Sauveur pouvait se manifester en nous \u00e0 travers une chose aussi simple que l\u2019amiti\u00e9 ?&nbsp;<\/p>\n<\/div>\n\n<div class=\"wp-block block-core-paragraph\">\n<p>Notre vision pour&nbsp;Sobremesa&nbsp;consiste \u00e0 se rappeler et \u00e0 c\u00e9l\u00e9brer l\u2019hospitalit\u00e9 de Dieu en l\u2019offrant aux \u00e9tudiants internationaux. \u00c0 travers ce minist\u00e8re, nous esp\u00e9rons refl\u00e9ter le caract\u00e8re de Dieu, nous joindre \u00e0 Sa mission et rechercher la croissance de Son \u00c9glise universelle.&nbsp;<\/p>\n<\/div><\/div>\n<\/div><\/div>\n\n<div class=\"wp-block block-core-cover alignfull no-padding-bottom\">\n<div class=\"wp-block-cover alignfull has-background-dim has-parallax no-padding-bottom\" style=\"background-image:url(https:\/\/sobremesa.ifesworld.org\/wp-content\/uploads\/2020\/12\/IFESWorldAssembly2019-05072019\u00a9IFESAlexandraSmart2019.jpg);min-height:400px\"><div class=\"wp-block-cover__inner-container\"><div class=\"wp-block block-core-paragraph\">\n<p class=\"has-lg-font-size\"><strong>IMAGINEZ&#8230;<\/strong><\/p>\n<\/div>\n\n<div class=\"wp-block block-core-paragraph\">\n<p class=\"has-lg-font-size\">Si chaque \u00e9tudiant qui lisait ceci \u00e9tendait l&rsquo;amour et l&rsquo;hospitalit\u00e9 de J\u00e9sus \u00e0 un ami international, combien de vies pourraient \u00eatre touch\u00e9es ?&nbsp;<\/p>\n<\/div><\/div><\/div>\n<\/div>\n\n<div class=\"wp-block block-core-group alignfull\">\n<div class=\"wp-block-group alignfull has-white-dark-background-color has-background is-layout-flow\"><div class=\"wp-block-group__inner-container\"><div class=\"wp-block block-core-columns\">\n<div class=\"wp-block-columns is-layout-flex wp-container-4\">\n<div class=\"wp-block-column is-layout-flow\" style=\"flex-basis:33.33%\"><div class=\"wp-block block-core-image\">\n<figure class=\"wp-block-image size-full\"><img decoding=\"async\" loading=\"lazy\" width=\"630\" height=\"794\" src=\"https:\/\/sobremesa.ifesworld.org\/wp-content\/uploads\/2021\/07\/Sobremesa-Knowing-God-ICON-BLACK.png\" alt=\"\" class=\"wp-image-555\" srcset=\"https:\/\/sobremesa.ifesworld.org\/wp-content\/uploads\/2021\/07\/Sobremesa-Knowing-God-ICON-BLACK.png 630w, https:\/\/sobremesa.ifesworld.org\/wp-content\/uploads\/2021\/07\/Sobremesa-Knowing-God-ICON-BLACK-238x300.png 238w\" sizes=\"(max-width: 630px) 100vw, 630px\" \/><\/figure>\n<\/div><\/div>\n\n\n\n<div class=\"wp-block-column is-layout-flow\" style=\"flex-basis:66.66%\"><div class=\"wp-block block-core-heading\">\n<h1 class=\"wp-block-heading\"><strong><em>Conna\u00eetre Dieu<\/em><\/strong>&nbsp;<\/h1>\n<\/div>\n\n<div class=\"wp-block block-core-paragraph\">\n<p>Sais-tu que l\u2019hospitalit\u00e9 est profond\u00e9ment ancr\u00e9e dans le caract\u00e8re de Dieu ? On peut le voir dans le fait qu\u2019Il se soit approch\u00e9 des Isra\u00e9lites quand ils s\u00e9journaient en terre \u00e9trang\u00e8re. On le constate de nouveau dans le fait qu\u2019Il se soit approch\u00e9 de nous alors que nous \u00e9tions encore des p\u00e9cheurs, et qu\u2019Il ait fait de nous Ses enfants. <\/p>\n<\/div>\n\n<div class=\"wp-block block-core-paragraph\">\n<p>Il n\u2019a pas fait preuve d\u2019hospitalit\u00e9 envers nous pour rendre l\u2019\u00e9vangile plus attrayant.<strong> Il nous a offert l\u2019hospitalit\u00e9 tout simplement parce qu\u2019Il est ainsi. Dieu est amour.<\/strong> C\u2019est dans Sa nature. En tant qu\u2019enfants de Dieu, nous sommes appel\u00e9s \u00e0 refl\u00e9ter Son caract\u00e8re et \u00e0 faire preuve de la m\u00eame hospitalit\u00e9 que celle qui a \u00e9t\u00e9 d\u00e9montr\u00e9e envers nous.&nbsp;<\/p>\n<\/div><\/div>\n<\/div>\n<\/div><\/div>\n<\/div><\/div>\n\n<div class=\"wp-block block-acf-spacer\">\n<div id=\"spacer-block_5fce18ea9c399\" class=\"\">\n    <div aria-hidden=\"true\" class=\"wp-block-spacer spacer--md\"><\/div>\n<\/div>\n<\/div>\n\n<div class=\"wp-block block-acf-spacer\">\n<div id=\"spacer-block_5fcf55bbdf28c\" class=\"\">\n    <div aria-hidden=\"true\" class=\"wp-block-spacer spacer--md\"><\/div>\n<\/div>\n<\/div>\n\n<div class=\"wp-block block-core-columns\">\n<div class=\"wp-block-columns is-layout-flex wp-container-8\">\n<div class=\"wp-block-column is-layout-flow\" style=\"flex-basis:66.66%\"><div class=\"wp-block block-core-heading\">\n<h1 class=\"wp-block-heading\"><strong><em>Rejoindre Dieu dans Sa mission<\/em><\/strong>&nbsp;<\/h1>\n<\/div>\n\n<div class=\"wp-block block-core-paragraph\">\n<p>Dieu est \u00e0 l&rsquo;\u0153uvre dans notre monde pour faire conna\u00eetre Son nom ! Ce n\u2019est pas une co\u00efncidence s\u2019Il a amen\u00e9 sur nos campus des \u00e9tudiants du monde entier, y compris des r\u00e9gions o\u00f9 l\u2019acc\u00e8s \u00e0 l\u2019\u00e9vangile est restreint. <strong>Il nous a appel\u00e9s \u00e0 vivre&nbsp;notre foi et \u00e0 prendre part \u00e0 Sa mission qui consiste \u00e0 partager la bonne nouvelle. <\/strong><\/p>\n<\/div>\n\n<div class=\"wp-block block-core-paragraph\">\n<p>Chaque fois que nous accueillons quelqu\u2019un, que nous lions une amiti\u00e9, que nous discutons de l\u2019\u00e9vangile, nous rendons t\u00e9moignage de la nature aimante de Dieu et du salut qui est en Christ seul. Dans un monde o\u00f9 la peur et la m\u00e9fiance augmentent, c\u2019est une affirmation d\u2019autant plus forte du caract\u00e8re de Dieu.&nbsp;<\/p>\n<\/div><\/div>\n\n\n\n<div class=\"wp-block-column is-layout-flow\" style=\"flex-basis:33.33%\"><div class=\"wp-block block-core-image\">\n<figure class=\"wp-block-image size-full\"><img decoding=\"async\" loading=\"lazy\" width=\"639\" height=\"794\" src=\"https:\/\/sobremesa.ifesworld.org\/wp-content\/uploads\/2021\/07\/Sobremesa-Joining-God-In-His-Mission-ICON-BLACK.jpg\" alt=\"\" class=\"wp-image-558\" srcset=\"https:\/\/sobremesa.ifesworld.org\/wp-content\/uploads\/2021\/07\/Sobremesa-Joining-God-In-His-Mission-ICON-BLACK.jpg 639w, https:\/\/sobremesa.ifesworld.org\/wp-content\/uploads\/2021\/07\/Sobremesa-Joining-God-In-His-Mission-ICON-BLACK-241x300.jpg 241w\" sizes=\"(max-width: 639px) 100vw, 639px\" \/><\/figure>\n<\/div><\/div>\n<\/div>\n<\/div>\n\n<div class=\"wp-block block-core-group alignfull\">\n<div class=\"wp-block-group alignfull has-white-dark-background-color has-background is-layout-flow\"><div class=\"wp-block-group__inner-container\"><div class=\"wp-block block-core-columns\">\n<div class=\"wp-block-columns is-layout-flex wp-container-11\">\n<div class=\"wp-block-column is-layout-flow\" style=\"flex-basis:33.33%\"><div class=\"wp-block block-core-image\">\n<figure class=\"wp-block-image size-full\"><img decoding=\"async\" loading=\"lazy\" width=\"514\" height=\"794\" src=\"https:\/\/sobremesa.ifesworld.org\/wp-content\/uploads\/2021\/07\/Sobremesa-Growing-Gods-Global-Church-ICON-BLACK.png\" alt=\"\" class=\"wp-image-561\" srcset=\"https:\/\/sobremesa.ifesworld.org\/wp-content\/uploads\/2021\/07\/Sobremesa-Growing-Gods-Global-Church-ICON-BLACK.png 514w, https:\/\/sobremesa.ifesworld.org\/wp-content\/uploads\/2021\/07\/Sobremesa-Growing-Gods-Global-Church-ICON-BLACK-194x300.png 194w\" sizes=\"(max-width: 514px) 100vw, 514px\" \/><\/figure>\n<\/div><\/div>\n\n\n\n<div class=\"wp-block-column is-layout-flow\" style=\"flex-basis:66.66%\"><div class=\"wp-block block-core-heading\">\n<h1 class=\"wp-block-heading\"><strong><em>Faire grandir l&rsquo;\u00c9glise universelle de Dieu<\/em><\/strong>&nbsp;<\/h1>\n<\/div>\n\n<div class=\"wp-block block-core-paragraph\">\n<p>Les \u00e9tudiants internationaux sont un don de Dieu pour la croissance de son \u00c9glise. Quelle merveilleuse occasion d\u2019en apprendre plus sur l\u2019amour de Dieu pour tous les peuples, et de Le voir \u00e0 l\u2019\u0153uvre en nous et \u00e0 travers nous ! <\/p>\n<\/div>\n\n<div class=\"wp-block block-core-paragraph\">\n<p>En b\u00e2tissant d\u2019authentiques amiti\u00e9s interculturelles, nous avons la chance de go\u00fbter \u00e0 la cr\u00e9ativit\u00e9 de Dieu et de conna\u00eetre la belle diversit\u00e9 des nations et des cultures. <strong>Il nous est possible de voir concr\u00e8tement que Dieu n\u2019est pas que le Dieu de nos propres communaut\u00e9s, mais celui de toutes nations, de toutes tribus et de toutes langues.<\/strong> Nous pouvons aussi t\u00e9moigner du fait que Dieu \u0153uvre \u00e0 travers nous ! En accueillant des \u00e9tudiants venant d\u2019autres pays dans nos unions, celles-ci ont la possibilit\u00e9 de devenir le reflet de la nouvelle humanit\u00e9 de Dieu : un peuple compos\u00e9 de tous les peuples.&nbsp;<\/p>\n<\/div><\/div>\n<\/div>\n<\/div><\/div>\n<\/div><\/div>\n\n<div class=\"wp-block block-acf-calltoactiongrid alignfull\">\n<section id=\"calltoactiongrid-block-block_5fa536c34b3da\" class=\"alignfull calltoaction--grid custom-post-list list--custom\">\n    <ul class='post-list items--3 flex flex--wrap flex--center-x no-style'>\n                <li class=\"post__item flex flex--column\">\n              <article>\n                  <figure class=\"image--absolute--center image--absolute--mask image--absolute--aspect-ratio aspect-ratio--4-3\">\n                    <img width=\"300\" height=\"200\" src=\"https:\/\/sobremesa.ifesworld.org\/wp-content\/uploads\/2021\/02\/17EuropePresence_A5_3763-300x200.jpg\" class=\"attachment-medium size-medium\" alt=\"\" decoding=\"async\" loading=\"lazy\" srcset=\"https:\/\/sobremesa.ifesworld.org\/wp-content\/uploads\/2021\/02\/17EuropePresence_A5_3763-300x200.jpg 300w, https:\/\/sobremesa.ifesworld.org\/wp-content\/uploads\/2021\/02\/17EuropePresence_A5_3763-1024x683.jpg 1024w, https:\/\/sobremesa.ifesworld.org\/wp-content\/uploads\/2021\/02\/17EuropePresence_A5_3763-768x512.jpg 768w, https:\/\/sobremesa.ifesworld.org\/wp-content\/uploads\/2021\/02\/17EuropePresence_A5_3763-1536x1024.jpg 1536w, https:\/\/sobremesa.ifesworld.org\/wp-content\/uploads\/2021\/02\/17EuropePresence_A5_3763.jpg 1920w\" sizes=\"(max-width: 300px) 100vw, 300px\" \/>                  <\/figure>\n                  <div class=\"ctagrid__content flex flex--column flex--end\">\n                      <header class=\"ctagrid__header flex flex--center aspect-ratio--4-3\">\n                          <h2 class=\"h1 flex flex--column flex--center\">S\u2019\u00e9quiper<\/h2>\n                      <\/header>\n                      <p class=\"text--center\">Comment aimer et servir nos amis de l\u2019\u00e9tranger ?<\/p>\n                       \n<div class=\"align--center\">\n    <a id=\"calltoactiongrid-block-block_5fa536c34b3da\" target=\"\" href=\"https:\/\/sobremesa.ifesworld.org\/fr\/sequiper\/\" class=\"grid-cta__button btn btn--secondary\">\n        <span>\n        En savoir plus        <\/span>\n    <\/a>\n<\/div>\n\n                  <\/div>\n              <\/article>\n          <\/li>\n                <li class=\"post__item flex flex--column\">\n              <article>\n                  <figure class=\"image--absolute--center image--absolute--mask image--absolute--aspect-ratio aspect-ratio--4-3\">\n                    <img width=\"300\" height=\"200\" src=\"https:\/\/sobremesa.ifesworld.org\/wp-content\/uploads\/2020\/11\/REVIVE20191229-AM-0926-300x200.jpg\" class=\"attachment-medium size-medium\" alt=\"\" decoding=\"async\" loading=\"lazy\" srcset=\"https:\/\/sobremesa.ifesworld.org\/wp-content\/uploads\/2020\/11\/REVIVE20191229-AM-0926-300x200.jpg 300w, https:\/\/sobremesa.ifesworld.org\/wp-content\/uploads\/2020\/11\/REVIVE20191229-AM-0926-1024x683.jpg 1024w, https:\/\/sobremesa.ifesworld.org\/wp-content\/uploads\/2020\/11\/REVIVE20191229-AM-0926-768x512.jpg 768w, https:\/\/sobremesa.ifesworld.org\/wp-content\/uploads\/2020\/11\/REVIVE20191229-AM-0926-1536x1024.jpg 1536w, https:\/\/sobremesa.ifesworld.org\/wp-content\/uploads\/2020\/11\/REVIVE20191229-AM-0926.jpg 1920w\" sizes=\"(max-width: 300px) 100vw, 300px\" \/>                  <\/figure>\n                  <div class=\"ctagrid__content flex flex--column flex--end\">\n                      <header class=\"ctagrid__header flex flex--center aspect-ratio--4-3\">\n                          <h2 class=\"h1 flex flex--column flex--center\">Trouver l\u2019inspiration<\/h2>\n                      <\/header>\n                      <p class=\"text--center\">Au travers de t\u00e9moignages, d\u00e9couvrez l&rsquo;\u0153uvre de Dieu parmi les \u00e9tudiants internationaux.<\/p>\n                       \n<div class=\"align--center\">\n    <a id=\"calltoactiongrid-block-block_5fa536c34b3da\" target=\"\" href=\"https:\/\/sobremesa.ifesworld.org\/fr\/blog\/\" class=\"grid-cta__button btn btn--secondary\">\n        <span>\n        En savoir plus        <\/span>\n    <\/a>\n<\/div>\n\n                  <\/div>\n              <\/article>\n          <\/li>\n          <\/ul>\n<\/section><\/div>","protected":false},"excerpt":{"rendered":"<p>Imagine si chaque \u00e9tudiant de l\u2019\u00e9tranger rencontrait un ami qui aimait vraiment J\u00e9sus.&nbsp;Imagine si cet ami, c\u2019\u00e9tait toi.&nbsp; Il y a plus de 5 millions d\u2019\u00e9tudiants internationaux dispers\u00e9s dans le monde sur presque tous les campus, y compris le tien !&nbsp;Si certains ont peut-\u00eatre \u00e9t\u00e9 bien re\u00e7us, d\u2019autres sont peut-\u00eatre pass\u00e9s inaper\u00e7us, voire ont \u00e9t\u00e9&#8230;<\/p>\n","protected":false},"author":5,"featured_media":91,"parent":0,"menu_order":0,"comment_status":"closed","ping_status":"closed","template":"","meta":{"inline_featured_image":false},"area":[],"theme":[],"acf":[],"yoast_head":"<!-- This site is optimized with the Yoast SEO plugin v20.8 - https:\/\/yoast.com\/wordpress\/plugins\/seo\/ -->\n<title>notre vision - IFES Sobremesa<\/title>\n<meta name=\"robots\" content=\"index, follow, max-snippet:-1, max-image-preview:large, max-video-preview:-1\" \/>\n<link rel=\"canonical\" href=\"https:\/\/sobremesa.ifesworld.org\/fr\/notre-vision\/\" \/>\n<meta property=\"og:locale\" content=\"fr_FR\" \/>\n<meta property=\"og:type\" content=\"article\" \/>\n<meta property=\"og:title\" content=\"notre vision - IFES Sobremesa\" \/>\n<meta property=\"og:description\" content=\"Imagine si chaque \u00e9tudiant de l\u2019\u00e9tranger rencontrait un ami qui aimait vraiment J\u00e9sus.&nbsp;Imagine si cet ami, c\u2019\u00e9tait toi.&nbsp; Il y a plus de 5 millions d\u2019\u00e9tudiants internationaux dispers\u00e9s dans le monde sur presque tous les campus, y compris le tien !&nbsp;Si certains ont peut-\u00eatre \u00e9t\u00e9 bien re\u00e7us, d\u2019autres sont peut-\u00eatre pass\u00e9s inaper\u00e7us, voire ont \u00e9t\u00e9...\" \/>\n<meta property=\"og:url\" content=\"https:\/\/sobremesa.ifesworld.org\/fr\/notre-vision\/\" \/>\n<meta property=\"og:site_name\" content=\"IFES Sobremesa\" \/>\n<meta property=\"article:modified_time\" content=\"2021-08-10T12:12:09+00:00\" \/>\n<meta property=\"og:image\" content=\"https:\/\/sobremesa.ifesworld.org\/wp-content\/uploads\/2020\/11\/19WAWorldStudentDay004-e1604677339922.jpg\" \/>\n\t<meta property=\"og:image:width\" content=\"1920\" \/>\n\t<meta property=\"og:image:height\" content=\"1280\" \/>\n\t<meta property=\"og:image:type\" content=\"image\/jpeg\" \/>\n<meta name=\"twitter:card\" content=\"summary_large_image\" \/>\n<meta name=\"twitter:label1\" content=\"Dur\u00e9e de lecture estim\u00e9e\" \/>\n\t<meta name=\"twitter:data1\" content=\"3 minutes\" \/>\n<script type=\"application\/ld+json\" class=\"yoast-schema-graph\">{\"@context\":\"https:\/\/schema.org\",\"@graph\":[{\"@type\":\"WebPage\",\"@id\":\"https:\/\/sobremesa.ifesworld.org\/fr\/notre-vision\/\",\"url\":\"https:\/\/sobremesa.ifesworld.org\/fr\/notre-vision\/\",\"name\":\"notre vision - IFES Sobremesa\",\"isPartOf\":{\"@id\":\"https:\/\/sobremesa.ifesworld.org\/fr\/#website\"},\"datePublished\":\"2021-01-08T09:13:29+00:00\",\"dateModified\":\"2021-08-10T12:12:09+00:00\",\"breadcrumb\":{\"@id\":\"https:\/\/sobremesa.ifesworld.org\/fr\/notre-vision\/#breadcrumb\"},\"inLanguage\":\"fr-FR\",\"potentialAction\":[{\"@type\":\"ReadAction\",\"target\":[\"https:\/\/sobremesa.ifesworld.org\/fr\/notre-vision\/\"]}]},{\"@type\":\"BreadcrumbList\",\"@id\":\"https:\/\/sobremesa.ifesworld.org\/fr\/notre-vision\/#breadcrumb\",\"itemListElement\":[{\"@type\":\"ListItem\",\"position\":1,\"name\":\"Home\",\"item\":\"https:\/\/sobremesa.ifesworld.org\/fr\/\"},{\"@type\":\"ListItem\",\"position\":2,\"name\":\"notre vision\"}]},{\"@type\":\"WebSite\",\"@id\":\"https:\/\/sobremesa.ifesworld.org\/fr\/#website\",\"url\":\"https:\/\/sobremesa.ifesworld.org\/fr\/\",\"name\":\"IFES Sobremesa\",\"description\":\"Equipping for International Student Ministry\",\"publisher\":{\"@id\":\"https:\/\/sobremesa.ifesworld.org\/fr\/#organization\"},\"inLanguage\":\"fr-FR\"},{\"@type\":\"Organization\",\"@id\":\"https:\/\/sobremesa.ifesworld.org\/fr\/#organization\",\"name\":\"IFES Sobremesa\",\"url\":\"https:\/\/sobremesa.ifesworld.org\/fr\/\",\"logo\":{\"@type\":\"ImageObject\",\"inLanguage\":\"fr-FR\",\"@id\":\"https:\/\/sobremesa.ifesworld.org\/fr\/#\/schema\/logo\/image\/\",\"url\":\"https:\/\/sobremesa.ifesworld.org\/wp-content\/uploads\/2021\/03\/sobremesa-mark-v2.png\",\"contentUrl\":\"https:\/\/sobremesa.ifesworld.org\/wp-content\/uploads\/2021\/03\/sobremesa-mark-v2.png\",\"width\":400,\"height\":400,\"caption\":\"IFES Sobremesa\"},\"image\":{\"@id\":\"https:\/\/sobremesa.ifesworld.org\/fr\/#\/schema\/logo\/image\/\"}}]}<\/script>\n<!-- \/ Yoast SEO plugin. -->","yoast_head_json":{"title":"notre vision - IFES Sobremesa","robots":{"index":"index","follow":"follow","max-snippet":"max-snippet:-1","max-image-preview":"max-image-preview:large","max-video-preview":"max-video-preview:-1"},"canonical":"https:\/\/sobremesa.ifesworld.org\/fr\/notre-vision\/","og_locale":"fr_FR","og_type":"article","og_title":"notre vision - IFES Sobremesa","og_description":"Imagine si chaque \u00e9tudiant de l\u2019\u00e9tranger rencontrait un ami qui aimait vraiment J\u00e9sus.&nbsp;Imagine si cet ami, c\u2019\u00e9tait toi.&nbsp; Il y a plus de 5 millions d\u2019\u00e9tudiants internationaux dispers\u00e9s dans le monde sur presque tous les campus, y compris le tien !&nbsp;Si certains ont peut-\u00eatre \u00e9t\u00e9 bien re\u00e7us, d\u2019autres sont peut-\u00eatre pass\u00e9s inaper\u00e7us, voire ont \u00e9t\u00e9...","og_url":"https:\/\/sobremesa.ifesworld.org\/fr\/notre-vision\/","og_site_name":"IFES Sobremesa","article_modified_time":"2021-08-10T12:12:09+00:00","og_image":[{"width":1920,"height":1280,"url":"https:\/\/sobremesa.ifesworld.org\/wp-content\/uploads\/2020\/11\/19WAWorldStudentDay004-e1604677339922.jpg","type":"image\/jpeg"}],"twitter_card":"summary_large_image","twitter_misc":{"Dur\u00e9e de lecture estim\u00e9e":"3 minutes"},"schema":{"@context":"https:\/\/schema.org","@graph":[{"@type":"WebPage","@id":"https:\/\/sobremesa.ifesworld.org\/fr\/notre-vision\/","url":"https:\/\/sobremesa.ifesworld.org\/fr\/notre-vision\/","name":"notre vision - IFES Sobremesa","isPartOf":{"@id":"https:\/\/sobremesa.ifesworld.org\/fr\/#website"},"datePublished":"2021-01-08T09:13:29+00:00","dateModified":"2021-08-10T12:12:09+00:00","breadcrumb":{"@id":"https:\/\/sobremesa.ifesworld.org\/fr\/notre-vision\/#breadcrumb"},"inLanguage":"fr-FR","potentialAction":[{"@type":"ReadAction","target":["https:\/\/sobremesa.ifesworld.org\/fr\/notre-vision\/"]}]},{"@type":"BreadcrumbList","@id":"https:\/\/sobremesa.ifesworld.org\/fr\/notre-vision\/#breadcrumb","itemListElement":[{"@type":"ListItem","position":1,"name":"Home","item":"https:\/\/sobremesa.ifesworld.org\/fr\/"},{"@type":"ListItem","position":2,"name":"notre vision"}]},{"@type":"WebSite","@id":"https:\/\/sobremesa.ifesworld.org\/fr\/#website","url":"https:\/\/sobremesa.ifesworld.org\/fr\/","name":"IFES Sobremesa","description":"Equipping for International Student Ministry","publisher":{"@id":"https:\/\/sobremesa.ifesworld.org\/fr\/#organization"},"inLanguage":"fr-FR"},{"@type":"Organization","@id":"https:\/\/sobremesa.ifesworld.org\/fr\/#organization","name":"IFES Sobremesa","url":"https:\/\/sobremesa.ifesworld.org\/fr\/","logo":{"@type":"ImageObject","inLanguage":"fr-FR","@id":"https:\/\/sobremesa.ifesworld.org\/fr\/#\/schema\/logo\/image\/","url":"https:\/\/sobremesa.ifesworld.org\/wp-content\/uploads\/2021\/03\/sobremesa-mark-v2.png","contentUrl":"https:\/\/sobremesa.ifesworld.org\/wp-content\/uploads\/2021\/03\/sobremesa-mark-v2.png","width":400,"height":400,"caption":"IFES Sobremesa"},"image":{"@id":"https:\/\/sobremesa.ifesworld.org\/fr\/#\/schema\/logo\/image\/"}}]}},"_links":{"self":[{"href":"https:\/\/sobremesa.ifesworld.org\/fr\/wp-json\/wp\/v2\/pages\/351"}],"collection":[{"href":"https:\/\/sobremesa.ifesworld.org\/fr\/wp-json\/wp\/v2\/pages"}],"about":[{"href":"https:\/\/sobremesa.ifesworld.org\/fr\/wp-json\/wp\/v2\/types\/page"}],"author":[{"embeddable":true,"href":"https:\/\/sobremesa.ifesworld.org\/fr\/wp-json\/wp\/v2\/users\/5"}],"replies":[{"embeddable":true,"href":"https:\/\/sobremesa.ifesworld.org\/fr\/wp-json\/wp\/v2\/comments?post=351"}],"version-history":[{"count":19,"href":"https:\/\/sobremesa.ifesworld.org\/fr\/wp-json\/wp\/v2\/pages\/351\/revisions"}],"predecessor-version":[{"id":566,"href":"https:\/\/sobremesa.ifesworld.org\/fr\/wp-json\/wp\/v2\/pages\/351\/revisions\/566"}],"wp:featuredmedia":[{"embeddable":true,"href":"https:\/\/sobremesa.ifesworld.org\/fr\/wp-json\/wp\/v2\/media\/91"}],"wp:attachment":[{"href":"https:\/\/sobremesa.ifesworld.org\/fr\/wp-json\/wp\/v2\/media?parent=351"}],"wp:term":[{"taxonomy":"area","embeddable":true,"href":"https:\/\/sobremesa.ifesworld.org\/fr\/wp-json\/wp\/v2\/area?post=351"},{"taxonomy":"theme","embeddable":true,"href":"https:\/\/sobremesa.ifesworld.org\/fr\/wp-json\/wp\/v2\/theme?post=351"}],"curies":[{"name":"wp","href":"https:\/\/api.w.org\/{rel}","templated":true}]}}