{"id":318,"date":"2021-01-07T09:57:26","date_gmt":"2021-01-07T09:57:26","guid":{"rendered":"https:\/\/sobremesa.ifesworld.org\/?page_id=318"},"modified":"2021-09-24T15:55:13","modified_gmt":"2021-09-24T14:55:13","slug":"318-2","status":"publish","type":"page","link":"https:\/\/sobremesa.ifesworld.org\/fr\/","title":{"rendered":"Page d&rsquo;accueil"},"content":{"rendered":"<div class=\"wp-block block-acf-spacer\">\n<div id=\"spacer-block_5fcf5845b51a0\" class=\"\">\n    <div aria-hidden=\"true\" class=\"wp-block-spacer spacer--md\"><\/div>\n<\/div>\n<\/div>\n\n<div class=\"wp-block block-core-heading\">\n<h1 class=\"wp-block-heading\"><strong><strong><em>Et si chaque \u00e9tudiant qui lisait ce texte devenait l&rsquo;ami d&rsquo;un \u00e9tudiant international ?<\/em><\/strong><\/strong><\/h1>\n<\/div>\n\n<div class=\"wp-block block-core-paragraph\">\n<p>Plus de 5 millions de personnes \u00e9tudient \u00e0 l\u2019\u00e9tranger chaque ann\u00e9e. Les experts pr\u00e9disent que ce nombre va continuer d\u2019augmenter dans les ann\u00e9es \u00e0 venir.&nbsp;&nbsp;<\/p>\n<\/div>\n\n<div class=\"wp-block block-core-paragraph\">\n<p>Quand tu te d\u00e9places sur ton campus, qui vois-tu ? Un ami ? Un \u00e9tranger ?&nbsp;&nbsp;<\/p>\n<\/div>\n\n<div class=\"wp-block block-core-paragraph\">\n<p>Vois-tu l\u2019image de Dieu qui se refl\u00e8te dans des \u00e9tudiants de toutes nations, de toutes tribus et de toutes langues ?&nbsp;<\/p>\n<\/div>\n\n<div class=\"wp-block block-core-paragraph\">\n<p>Dans un monde rempli de conflits et de tensions, Dieu d\u00e9ploie son hospitalit\u00e9 et son amour radicales envers tous. Et si tes camarades de classe venant de l\u2019\u00e9tranger pouvaient conna\u00eetre cette hospitalit\u00e9 \u00e0 travers toi ?&nbsp;&nbsp;<\/p>\n<\/div>\n\n<div class=\"wp-block block-core-paragraph\">\n<p>Et si le Christ pouvait t\u2019utiliser pour se r\u00e9v\u00e9ler \u00e0 tous, ici et maintenant, depuis ton campus ?\u00a0<\/p>\n<\/div>\n\n<div class=\"wp-block block-core-embed wp-embed-aspect-16-9 wp-has-aspect-ratio\">\n<figure class=\"wp-block-embed is-type-video is-provider-youtube wp-block-embed-youtube wp-embed-aspect-16-9 wp-has-aspect-ratio\"><div class=\"wp-block-embed__wrapper\">\n<iframe loading=\"lazy\" title=\"Sobremesa: Mettre la table pour les \u00e9tudiants internationaux\" width=\"740\" height=\"416\" src=\"https:\/\/www.youtube.com\/embed\/5_HFxlah1Sg?feature=oembed&#038;cc_load_policy=1\" frameborder=\"0\" allow=\"accelerometer; autoplay; clipboard-write; encrypted-media; gyroscope; picture-in-picture\" allowfullscreen><\/iframe>\n<\/div><\/figure>\n<\/div>\n\n<div class=\"wp-block block-acf-spacer\">\n<div id=\"spacer-block_5fa55f6c1603c\" class=\"\">\n    <div aria-hidden=\"true\" class=\"wp-block-spacer spacer--md\"><\/div>\n<\/div>\n<\/div>\n\n<div class=\"wp-block block-core-group alignfull\">\n<div class=\"wp-block-group alignfull has-primary-color has-white-dark-background-color has-text-color has-background is-layout-flow\"><div class=\"wp-block-group__inner-container\"><div class=\"wp-block block-core-heading\">\n<h1 class=\"wp-block-heading\"><strong>Sobremesa<\/strong><\/h1>\n<\/div>\n\n<div class=\"wp-block block-core-paragraph\">\n<p><strong>Sobremesa<\/strong>&nbsp;est une initiative qui vise \u00e0 promouvoir l\u2019amiti\u00e9 avec les \u00e9tudiants internationaux de nos campus.&nbsp;Ce terme, qui signifie \u00ab\u202fsur la table\u202f\u00bb, d\u00e9signe une tradition espagnole qui consiste \u00e0 se d\u00e9tendre autour de la table apr\u00e8s un bon repas pour appr\u00e9cier la douceur du dessert et de la compagnie des convives. C\u2019est un moment et un lieu o\u00f9 l\u2019on peut baisser sa garde pour simplement appr\u00e9cier la pr\u00e9sence des uns et des autres, et d\u00e9velopper les relations profondes auxquelles tout le monde aspire. Cela veut dire prendre son temps, ne pas \u00eatre press\u00e9 ni interrompu, partager des blagues, des histoires et la vie ensemble.&nbsp;<\/p>\n<\/div>\n\n<div class=\"wp-block block-core-paragraph\">\n<p>L\u2019objectif de&nbsp;<strong>Sobremesa<\/strong>&nbsp;IFES est de rassembler autour de notre table des gens issus de tous chemins de vie, et d\u2019encourager les amiti\u00e9s profondes qui s\u2019y construisent. Nous voulons go\u00fbter la douceur de Son amour \u00e0 travers des histoires qui apportent de la joie et des rires. Nous voulons go\u00fbter la bont\u00e9 de Sa gr\u00e2ce \u00e0 travers des discussions profondes qui touchent nos c\u0153urs.&nbsp;Nous voulons nous asseoir \u00e0 une table o\u00f9 des gens de toutes nations, de toutes tribus et de toutes&nbsp;langues sont accueillis au nom de J\u00e9sus ; une table compl\u00e8te dans sa diversit\u00e9 ; une table refl\u00e9tant l\u2019amour qui caract\u00e9rise Dieu.&nbsp;<\/p>\n<\/div>\n\n<div class=\"wp-block block-core-paragraph\">\n<p>La route permettant de r\u00e9aliser cette vision est simple : aussi simple qu\u2019une amiti\u00e9 et qu\u2019un repas.&nbsp;<strong>Et si chaque \u00e9tudiant lisant ceci se liait d\u2019amiti\u00e9 avec un \u00e9tudiant international ?<\/strong>&nbsp;<\/p>\n<\/div>\n\n<div class=\"wp-block block-core-paragraph\">\n<p>Continue \u00e0 lire pour trouver l\u2019inspiration et des ressources qui t\u2019encourageront dans cette forme tr\u00e8s simple et puissante du minist\u00e8re parmi les \u00e9tudiants internationaux.&nbsp;<\/p>\n<\/div><\/div>\n<\/div><\/div>\n\n<div class=\"wp-block block-core-group alignfull\">\n<div class=\"wp-block-group alignfull has-primary-color has-text-color is-layout-flow\"><div class=\"wp-block-group__inner-container\"><div class=\"wp-block block-acf-calltoactiongrid alignfull\">\n<section id=\"calltoactiongrid-block-block_5fa536c34b3da\" class=\"alignfull calltoaction--grid custom-post-list list--custom\">\n    <ul class='post-list items--3 flex flex--wrap flex--center-x no-style'>\n                <li class=\"post__item flex flex--column\">\n              <article>\n                  <figure class=\"image--absolute--center image--absolute--mask image--absolute--aspect-ratio aspect-ratio--4-3\">\n                    <img width=\"300\" height=\"200\" src=\"https:\/\/sobremesa.ifesworld.org\/wp-content\/uploads\/2020\/11\/19WAWorldStudentDay004-300x200.jpg\" class=\"attachment-medium size-medium\" alt=\"\" decoding=\"async\" loading=\"lazy\" srcset=\"https:\/\/sobremesa.ifesworld.org\/wp-content\/uploads\/2020\/11\/19WAWorldStudentDay004-300x200.jpg 300w, https:\/\/sobremesa.ifesworld.org\/wp-content\/uploads\/2020\/11\/19WAWorldStudentDay004-1024x683.jpg 1024w, https:\/\/sobremesa.ifesworld.org\/wp-content\/uploads\/2020\/11\/19WAWorldStudentDay004-768x512.jpg 768w, https:\/\/sobremesa.ifesworld.org\/wp-content\/uploads\/2020\/11\/19WAWorldStudentDay004-1536x1024.jpg 1536w, https:\/\/sobremesa.ifesworld.org\/wp-content\/uploads\/2020\/11\/19WAWorldStudentDay004.jpg 1920w\" sizes=\"(max-width: 300px) 100vw, 300px\" \/>                  <\/figure>\n                  <div class=\"ctagrid__content flex flex--column flex--end\">\n                      <header class=\"ctagrid__header flex flex--center aspect-ratio--4-3\">\n                          <h2 class=\"h1 flex flex--column flex--center\">Notre vision<\/h2>\n                      <\/header>\n                      <p class=\"text--center\">Pourquoi sommes-nous appel\u00e9s \u00e0 aimer nos camarades de classe ?<\/p>\n                       \n<div class=\"align--center\">\n    <a id=\"calltoactiongrid-block-block_5fa536c34b3da\" target=\"\" href=\"https:\/\/sobremesa.ifesworld.org\/fr\/notre-vision\/\" class=\"grid-cta__button btn btn--secondary\">\n        <span>\n        En Savoir Plus        <\/span>\n    <\/a>\n<\/div>\n\n                  <\/div>\n              <\/article>\n          <\/li>\n                <li class=\"post__item flex flex--column\">\n              <article>\n                  <figure class=\"image--absolute--center image--absolute--mask image--absolute--aspect-ratio aspect-ratio--4-3\">\n                    <img width=\"300\" height=\"200\" src=\"https:\/\/sobremesa.ifesworld.org\/wp-content\/uploads\/2021\/02\/17EuropePresence_A5_3763-300x200.jpg\" class=\"attachment-medium size-medium\" alt=\"\" decoding=\"async\" loading=\"lazy\" srcset=\"https:\/\/sobremesa.ifesworld.org\/wp-content\/uploads\/2021\/02\/17EuropePresence_A5_3763-300x200.jpg 300w, https:\/\/sobremesa.ifesworld.org\/wp-content\/uploads\/2021\/02\/17EuropePresence_A5_3763-1024x683.jpg 1024w, https:\/\/sobremesa.ifesworld.org\/wp-content\/uploads\/2021\/02\/17EuropePresence_A5_3763-768x512.jpg 768w, https:\/\/sobremesa.ifesworld.org\/wp-content\/uploads\/2021\/02\/17EuropePresence_A5_3763-1536x1024.jpg 1536w, https:\/\/sobremesa.ifesworld.org\/wp-content\/uploads\/2021\/02\/17EuropePresence_A5_3763.jpg 1920w\" sizes=\"(max-width: 300px) 100vw, 300px\" \/>                  <\/figure>\n                  <div class=\"ctagrid__content flex flex--column flex--end\">\n                      <header class=\"ctagrid__header flex flex--center aspect-ratio--4-3\">\n                          <h2 class=\"h1 flex flex--column flex--center\">S\u2019\u00e9quiper<\/h2>\n                      <\/header>\n                      <p class=\"text--center\">Comment aimer et servir nos amis de l\u2019\u00e9tranger ?<\/p>\n                       \n<div class=\"align--center\">\n    <a id=\"calltoactiongrid-block-block_5fa536c34b3da\" target=\"\" href=\"https:\/\/sobremesa.ifesworld.org\/fr\/sequiper\/\" class=\"grid-cta__button btn btn--secondary\">\n        <span>\n        En savoir plus        <\/span>\n    <\/a>\n<\/div>\n\n                  <\/div>\n              <\/article>\n          <\/li>\n                <li class=\"post__item flex flex--column\">\n              <article>\n                  <figure class=\"image--absolute--center image--absolute--mask image--absolute--aspect-ratio aspect-ratio--4-3\">\n                    <img width=\"300\" height=\"200\" src=\"https:\/\/sobremesa.ifesworld.org\/wp-content\/uploads\/2020\/11\/REVIVE20191229-AM-0926-300x200.jpg\" class=\"attachment-medium size-medium\" alt=\"\" decoding=\"async\" loading=\"lazy\" srcset=\"https:\/\/sobremesa.ifesworld.org\/wp-content\/uploads\/2020\/11\/REVIVE20191229-AM-0926-300x200.jpg 300w, https:\/\/sobremesa.ifesworld.org\/wp-content\/uploads\/2020\/11\/REVIVE20191229-AM-0926-1024x683.jpg 1024w, https:\/\/sobremesa.ifesworld.org\/wp-content\/uploads\/2020\/11\/REVIVE20191229-AM-0926-768x512.jpg 768w, https:\/\/sobremesa.ifesworld.org\/wp-content\/uploads\/2020\/11\/REVIVE20191229-AM-0926-1536x1024.jpg 1536w, https:\/\/sobremesa.ifesworld.org\/wp-content\/uploads\/2020\/11\/REVIVE20191229-AM-0926.jpg 1920w\" sizes=\"(max-width: 300px) 100vw, 300px\" \/>                  <\/figure>\n                  <div class=\"ctagrid__content flex flex--column flex--end\">\n                      <header class=\"ctagrid__header flex flex--center aspect-ratio--4-3\">\n                          <h2 class=\"h1 flex flex--column flex--center\">Trouver l\u2019inspiration<\/h2>\n                      <\/header>\n                      <p class=\"text--center\">Au travers de t\u00e9moignages, d\u00e9couvrez l&rsquo;\u0153uvre de Dieu parmi les \u00e9tudiants internationaux.<\/p>\n                       \n<div class=\"align--center\">\n    <a id=\"calltoactiongrid-block-block_5fa536c34b3da\" target=\"\" href=\"https:\/\/sobremesa.ifesworld.org\/fr\/blog\/\" class=\"grid-cta__button btn btn--secondary\">\n        <span>\n        En savoir plus        <\/span>\n    <\/a>\n<\/div>\n\n                  <\/div>\n              <\/article>\n          <\/li>\n          <\/ul>\n<\/section><\/div><\/div>\n<\/div><\/div>","protected":false},"excerpt":{"rendered":"<p>Et si chaque \u00e9tudiant qui lisait ce texte devenait l&rsquo;ami d&rsquo;un \u00e9tudiant international ? Plus de 5 millions de personnes \u00e9tudient \u00e0 l\u2019\u00e9tranger chaque ann\u00e9e. Les experts pr\u00e9disent que ce nombre va continuer d\u2019augmenter dans les ann\u00e9es \u00e0 venir.&nbsp;&nbsp; Quand tu te d\u00e9places sur ton campus, qui vois-tu ? Un ami ? Un \u00e9tranger ?&nbsp;&nbsp;&#8230;<\/p>\n","protected":false},"author":5,"featured_media":87,"parent":0,"menu_order":0,"comment_status":"closed","ping_status":"closed","template":"","meta":{"inline_featured_image":false},"area":[],"theme":[],"acf":[],"yoast_head":"<!-- This site is optimized with the Yoast SEO plugin v20.8 - https:\/\/yoast.com\/wordpress\/plugins\/seo\/ -->\n<title>Page d&#039;accueil - IFES Sobremesa<\/title>\n<meta name=\"robots\" content=\"index, follow, max-snippet:-1, max-image-preview:large, max-video-preview:-1\" \/>\n<link rel=\"canonical\" href=\"https:\/\/sobremesa.ifesworld.org\/fr\/\" \/>\n<meta property=\"og:locale\" content=\"fr_FR\" \/>\n<meta property=\"og:type\" content=\"article\" \/>\n<meta property=\"og:title\" content=\"Page d&#039;accueil - IFES Sobremesa\" \/>\n<meta property=\"og:description\" content=\"Et si chaque \u00e9tudiant qui lisait ce texte devenait l&rsquo;ami d&rsquo;un \u00e9tudiant international ? Plus de 5 millions de personnes \u00e9tudient \u00e0 l\u2019\u00e9tranger chaque ann\u00e9e. Les experts pr\u00e9disent que ce nombre va continuer d\u2019augmenter dans les ann\u00e9es \u00e0 venir.&nbsp;&nbsp; Quand tu te d\u00e9places sur ton campus, qui vois-tu ? Un ami ? Un \u00e9tranger ?&nbsp;&nbsp;...\" \/>\n<meta property=\"og:url\" content=\"https:\/\/sobremesa.ifesworld.org\/fr\/\" \/>\n<meta property=\"og:site_name\" content=\"IFES Sobremesa\" \/>\n<meta property=\"article:modified_time\" content=\"2021-09-24T14:55:13+00:00\" \/>\n<meta property=\"og:image\" content=\"https:\/\/sobremesa.ifesworld.org\/wp-content\/uploads\/2020\/11\/stefan-vladimirov-Q_Moi2xjieU-unsplash-scaled.jpg\" \/>\n\t<meta property=\"og:image:width\" content=\"2560\" \/>\n\t<meta property=\"og:image:height\" content=\"1707\" \/>\n\t<meta property=\"og:image:type\" content=\"image\/jpeg\" \/>\n<meta name=\"twitter:card\" content=\"summary_large_image\" \/>\n<meta name=\"twitter:label1\" content=\"Dur\u00e9e de lecture estim\u00e9e\" \/>\n\t<meta name=\"twitter:data1\" content=\"2 minutes\" \/>\n<script type=\"application\/ld+json\" class=\"yoast-schema-graph\">{\"@context\":\"https:\/\/schema.org\",\"@graph\":[{\"@type\":\"WebPage\",\"@id\":\"https:\/\/sobremesa.ifesworld.org\/fr\/\",\"url\":\"https:\/\/sobremesa.ifesworld.org\/fr\/\",\"name\":\"Page d'accueil - IFES Sobremesa\",\"isPartOf\":{\"@id\":\"https:\/\/sobremesa.ifesworld.org\/fr\/#website\"},\"datePublished\":\"2021-01-07T09:57:26+00:00\",\"dateModified\":\"2021-09-24T14:55:13+00:00\",\"breadcrumb\":{\"@id\":\"https:\/\/sobremesa.ifesworld.org\/fr\/#breadcrumb\"},\"inLanguage\":\"fr-FR\",\"potentialAction\":[{\"@type\":\"ReadAction\",\"target\":[\"https:\/\/sobremesa.ifesworld.org\/fr\/\"]}]},{\"@type\":\"BreadcrumbList\",\"@id\":\"https:\/\/sobremesa.ifesworld.org\/fr\/#breadcrumb\",\"itemListElement\":[{\"@type\":\"ListItem\",\"position\":1,\"name\":\"Home\",\"item\":\"https:\/\/sobremesa.ifesworld.org\/fr\/\"},{\"@type\":\"ListItem\",\"position\":2,\"name\":\"Page d&rsquo;accueil\"}]},{\"@type\":\"WebSite\",\"@id\":\"https:\/\/sobremesa.ifesworld.org\/fr\/#website\",\"url\":\"https:\/\/sobremesa.ifesworld.org\/fr\/\",\"name\":\"IFES Sobremesa\",\"description\":\"Equipping for International Student Ministry\",\"publisher\":{\"@id\":\"https:\/\/sobremesa.ifesworld.org\/fr\/#organization\"},\"inLanguage\":\"fr-FR\"},{\"@type\":\"Organization\",\"@id\":\"https:\/\/sobremesa.ifesworld.org\/fr\/#organization\",\"name\":\"IFES Sobremesa\",\"url\":\"https:\/\/sobremesa.ifesworld.org\/fr\/\",\"logo\":{\"@type\":\"ImageObject\",\"inLanguage\":\"fr-FR\",\"@id\":\"https:\/\/sobremesa.ifesworld.org\/fr\/#\/schema\/logo\/image\/\",\"url\":\"https:\/\/sobremesa.ifesworld.org\/wp-content\/uploads\/2021\/03\/sobremesa-mark-v2.png\",\"contentUrl\":\"https:\/\/sobremesa.ifesworld.org\/wp-content\/uploads\/2021\/03\/sobremesa-mark-v2.png\",\"width\":400,\"height\":400,\"caption\":\"IFES Sobremesa\"},\"image\":{\"@id\":\"https:\/\/sobremesa.ifesworld.org\/fr\/#\/schema\/logo\/image\/\"}}]}<\/script>\n<!-- \/ Yoast SEO plugin. -->","yoast_head_json":{"title":"Page d'accueil - IFES Sobremesa","robots":{"index":"index","follow":"follow","max-snippet":"max-snippet:-1","max-image-preview":"max-image-preview:large","max-video-preview":"max-video-preview:-1"},"canonical":"https:\/\/sobremesa.ifesworld.org\/fr\/","og_locale":"fr_FR","og_type":"article","og_title":"Page d'accueil - IFES Sobremesa","og_description":"Et si chaque \u00e9tudiant qui lisait ce texte devenait l&rsquo;ami d&rsquo;un \u00e9tudiant international ? Plus de 5 millions de personnes \u00e9tudient \u00e0 l\u2019\u00e9tranger chaque ann\u00e9e. Les experts pr\u00e9disent que ce nombre va continuer d\u2019augmenter dans les ann\u00e9es \u00e0 venir.&nbsp;&nbsp; Quand tu te d\u00e9places sur ton campus, qui vois-tu ? Un ami ? Un \u00e9tranger ?&nbsp;&nbsp;...","og_url":"https:\/\/sobremesa.ifesworld.org\/fr\/","og_site_name":"IFES Sobremesa","article_modified_time":"2021-09-24T14:55:13+00:00","og_image":[{"width":2560,"height":1707,"url":"https:\/\/sobremesa.ifesworld.org\/wp-content\/uploads\/2020\/11\/stefan-vladimirov-Q_Moi2xjieU-unsplash-scaled.jpg","type":"image\/jpeg"}],"twitter_card":"summary_large_image","twitter_misc":{"Dur\u00e9e de lecture estim\u00e9e":"2 minutes"},"schema":{"@context":"https:\/\/schema.org","@graph":[{"@type":"WebPage","@id":"https:\/\/sobremesa.ifesworld.org\/fr\/","url":"https:\/\/sobremesa.ifesworld.org\/fr\/","name":"Page d'accueil - IFES Sobremesa","isPartOf":{"@id":"https:\/\/sobremesa.ifesworld.org\/fr\/#website"},"datePublished":"2021-01-07T09:57:26+00:00","dateModified":"2021-09-24T14:55:13+00:00","breadcrumb":{"@id":"https:\/\/sobremesa.ifesworld.org\/fr\/#breadcrumb"},"inLanguage":"fr-FR","potentialAction":[{"@type":"ReadAction","target":["https:\/\/sobremesa.ifesworld.org\/fr\/"]}]},{"@type":"BreadcrumbList","@id":"https:\/\/sobremesa.ifesworld.org\/fr\/#breadcrumb","itemListElement":[{"@type":"ListItem","position":1,"name":"Home","item":"https:\/\/sobremesa.ifesworld.org\/fr\/"},{"@type":"ListItem","position":2,"name":"Page d&rsquo;accueil"}]},{"@type":"WebSite","@id":"https:\/\/sobremesa.ifesworld.org\/fr\/#website","url":"https:\/\/sobremesa.ifesworld.org\/fr\/","name":"IFES Sobremesa","description":"Equipping for International Student Ministry","publisher":{"@id":"https:\/\/sobremesa.ifesworld.org\/fr\/#organization"},"inLanguage":"fr-FR"},{"@type":"Organization","@id":"https:\/\/sobremesa.ifesworld.org\/fr\/#organization","name":"IFES Sobremesa","url":"https:\/\/sobremesa.ifesworld.org\/fr\/","logo":{"@type":"ImageObject","inLanguage":"fr-FR","@id":"https:\/\/sobremesa.ifesworld.org\/fr\/#\/schema\/logo\/image\/","url":"https:\/\/sobremesa.ifesworld.org\/wp-content\/uploads\/2021\/03\/sobremesa-mark-v2.png","contentUrl":"https:\/\/sobremesa.ifesworld.org\/wp-content\/uploads\/2021\/03\/sobremesa-mark-v2.png","width":400,"height":400,"caption":"IFES Sobremesa"},"image":{"@id":"https:\/\/sobremesa.ifesworld.org\/fr\/#\/schema\/logo\/image\/"}}]}},"_links":{"self":[{"href":"https:\/\/sobremesa.ifesworld.org\/fr\/wp-json\/wp\/v2\/pages\/318"}],"collection":[{"href":"https:\/\/sobremesa.ifesworld.org\/fr\/wp-json\/wp\/v2\/pages"}],"about":[{"href":"https:\/\/sobremesa.ifesworld.org\/fr\/wp-json\/wp\/v2\/types\/page"}],"author":[{"embeddable":true,"href":"https:\/\/sobremesa.ifesworld.org\/fr\/wp-json\/wp\/v2\/users\/5"}],"replies":[{"embeddable":true,"href":"https:\/\/sobremesa.ifesworld.org\/fr\/wp-json\/wp\/v2\/comments?post=318"}],"version-history":[{"count":28,"href":"https:\/\/sobremesa.ifesworld.org\/fr\/wp-json\/wp\/v2\/pages\/318\/revisions"}],"predecessor-version":[{"id":636,"href":"https:\/\/sobremesa.ifesworld.org\/fr\/wp-json\/wp\/v2\/pages\/318\/revisions\/636"}],"wp:featuredmedia":[{"embeddable":true,"href":"https:\/\/sobremesa.ifesworld.org\/fr\/wp-json\/wp\/v2\/media\/87"}],"wp:attachment":[{"href":"https:\/\/sobremesa.ifesworld.org\/fr\/wp-json\/wp\/v2\/media?parent=318"}],"wp:term":[{"taxonomy":"area","embeddable":true,"href":"https:\/\/sobremesa.ifesworld.org\/fr\/wp-json\/wp\/v2\/area?post=318"},{"taxonomy":"theme","embeddable":true,"href":"https:\/\/sobremesa.ifesworld.org\/fr\/wp-json\/wp\/v2\/theme?post=318"}],"curies":[{"name":"wp","href":"https:\/\/api.w.org\/{rel}","templated":true}]}}