{"id":726,"date":"2021-09-27T13:48:29","date_gmt":"2021-09-27T12:48:29","guid":{"rendered":"https:\/\/sobremesa.ifesworld.org\/?page_id=726"},"modified":"2021-09-27T13:53:50","modified_gmt":"2021-09-27T12:53:50","slug":"inicio","status":"publish","type":"page","link":"https:\/\/sobremesa.ifesworld.org\/es\/inicio\/","title":{"rendered":"Inicio"},"content":{"rendered":"<div class=\"wp-block block-acf-spacer\">\n<div id=\"spacer-block_6151bdb100c9b\" class=\"\">\n    <div aria-hidden=\"true\" class=\"wp-block-spacer spacer--md\"><\/div>\n<\/div>\n<\/div>\n\n<div class=\"wp-block block-core-heading\">\n<h1 class=\"wp-block-heading\"><strong><em>\u00bfQu\u00e9 pasar\u00eda si cada estudiante que leyera esto se hiciera amigo de un estudiante internacional?<\/em><\/strong><\/h1>\n<\/div>\n\n<div class=\"wp-block block-core-paragraph\">\n<p>M\u00e1s de 5 millones de estudiantes cursan sus estudios en el extranjero cada a\u00f1o. Los expertos predicen que este n\u00famero seguir\u00e1 creciendo en los a\u00f1os venideros.&nbsp;&nbsp;<\/p>\n<\/div>\n\n<div class=\"wp-block block-core-paragraph\">\n<p>Entonces, cuando caminas por tu campus, \u00bfa qui\u00e9n ves? \u00bfA un amigo? \u00bfA un desconocido?&nbsp;&nbsp;<\/p>\n<\/div>\n\n<div class=\"wp-block block-core-paragraph\">\n<p>\u00bfPuedes ver la imagen de Dios reflejada en los estudiantes de cada naci\u00f3n, tribu y lengua?&nbsp;<\/p>\n<\/div>\n\n<div class=\"wp-block block-core-paragraph\">\n<p>En un mundo lleno de conflicto y tensi\u00f3n, Dios extiende su hospitalidad y su amor radicales a todas las personas. \u00bfY si tus compa\u00f1eros de clase internacionales pudieran experimentar esa hospitalidad a trav\u00e9s de ti?&nbsp;&nbsp;<\/p>\n<\/div>\n\n<div class=\"wp-block block-core-paragraph\">\n<p>\u00bfY si Cristo pudiera usarte para darse a conocer a todas las personas, aqu\u00ed, ahora, y en tu propio campus?&nbsp;<\/p>\n<\/div>\n\n<div class=\"wp-block block-core-embed wp-embed-aspect-16-9 wp-has-aspect-ratio\">\n<figure class=\"wp-block-embed is-type-video is-provider-youtube wp-block-embed-youtube wp-embed-aspect-16-9 wp-has-aspect-ratio\"><div class=\"wp-block-embed__wrapper\">\n <iframe loading=\"lazy\" title=\"Sobremesa: Poner la mesa para los estudiantes internacionales\" width=\"740\" height=\"416\" src=\"https:\/\/www.youtube.com\/embed\/dpW7XE5wQwA?feature=oembed&#038;cc_load_policy=1\" frameborder=\"0\" allow=\"accelerometer; autoplay; clipboard-write; encrypted-media; gyroscope; picture-in-picture\" allowfullscreen><\/iframe>\n<\/div><\/figure>\n<\/div>\n\n<div class=\"wp-block block-acf-spacer\">\n<div id=\"spacer-block_5fa55f6c1603c\" class=\"\">\n    <div aria-hidden=\"true\" class=\"wp-block-spacer spacer--md\"><\/div>\n<\/div>\n<\/div>\n\n<div class=\"wp-block block-core-group alignfull\">\n<div class=\"wp-block-group alignfull has-primary-color has-white-dark-background-color has-text-color has-background is-layout-flow\"><div class=\"wp-block-group__inner-container\"><div class=\"wp-block block-core-heading\">\n<h1 class=\"wp-block-heading\"><strong>Sobremesa<\/strong><\/h1>\n<\/div>\n\n<div class=\"wp-block block-core-paragraph\">\n<p>Sobremesa es una iniciativa que promueve las amistades con los estudiantes internacionales en nuestros campus.&nbsp;Sobremesa, describe la tradici\u00f3n espa\u00f1ola de relajarse en torno a una mesa tras disfrutar de una comida placentera para disfrutar entonces del postre y de la buena compa\u00f1\u00eda. Describe un tiempo y un lugar en el que podemos bajas las defensas para disfrutar de nuestra presencia mutua y desarrollar relaciones profundas que todas ansiamos. Implica tomarse tiempo sin prisas ni interrupciones para compartir chistes, historias y la vida.&nbsp;<\/p>\n<\/div>\n\n<div class=\"wp-block block-core-paragraph\">\n<p>El objetivo de Sobremesa de IFES es llenar nuestra mesa con personas con las que hablar sobre la vida y fomentar relaciones \u00edntimas que se forjan alrededor de la mesa. Queremos saborear la dulzura de Su amor por medio de amores que traigan gozo y risas. Queremos saborear la bondad de Su gracia mediante conversaciones profundas que mueven nuestros corazones. Queremos sentarnos alrededor de una mesa con personas de cada naci\u00f3n, cada tribu y cada lengua que se sientan bienvenidos en el nombre de Jes\u00fas; una mesa que se completa en su diversidad; una mesa que refleja el car\u00e1cter amoroso de Dios.&nbsp;<\/p>\n<\/div>\n\n<div class=\"wp-block block-core-paragraph\">\n<p>El camino para realizar esta visi\u00f3n es sencillo: tan sencillo como una amistad, tan sencillo como una comida.&nbsp;<strong>\u00bfQu\u00e9 pasar\u00eda si cada estudiante que leyera esto se hiciera amigo de un estudiante internacional?<\/strong><\/p>\n<\/div>\n\n<div class=\"wp-block block-core-paragraph\">\n<p>Sigue leyendo para encontrar inspiraci\u00f3n y recursos para animarte de una forma poderosa y sencilla en el ministerio de estudiantes internacionales.&nbsp;<\/p>\n<\/div><\/div>\n<\/div><\/div>\n\n<div class=\"wp-block block-core-group alignfull\">\n<div class=\"wp-block-group alignfull has-primary-color has-text-color is-layout-flow\"><div class=\"wp-block-group__inner-container\"><div class=\"wp-block block-acf-calltoactiongrid alignfull\">\n<section id=\"calltoactiongrid-block-block_5fa536c34b3da\" class=\"alignfull calltoaction--grid custom-post-list list--custom\">\n    <ul class='post-list items--3 flex flex--wrap flex--center-x no-style'>\n                <li class=\"post__item flex flex--column\">\n              <article>\n                  <figure class=\"image--absolute--center image--absolute--mask image--absolute--aspect-ratio aspect-ratio--4-3\">\n                    <img width=\"300\" height=\"200\" src=\"https:\/\/sobremesa.ifesworld.org\/wp-content\/uploads\/2020\/11\/19WAWorldStudentDay004-300x200.jpg\" class=\"attachment-medium size-medium\" alt=\"\" decoding=\"async\" loading=\"lazy\" srcset=\"https:\/\/sobremesa.ifesworld.org\/wp-content\/uploads\/2020\/11\/19WAWorldStudentDay004-300x200.jpg 300w, https:\/\/sobremesa.ifesworld.org\/wp-content\/uploads\/2020\/11\/19WAWorldStudentDay004-1024x683.jpg 1024w, https:\/\/sobremesa.ifesworld.org\/wp-content\/uploads\/2020\/11\/19WAWorldStudentDay004-768x512.jpg 768w, https:\/\/sobremesa.ifesworld.org\/wp-content\/uploads\/2020\/11\/19WAWorldStudentDay004-1536x1024.jpg 1536w, https:\/\/sobremesa.ifesworld.org\/wp-content\/uploads\/2020\/11\/19WAWorldStudentDay004.jpg 1920w\" sizes=\"(max-width: 300px) 100vw, 300px\" \/>                  <\/figure>\n                  <div class=\"ctagrid__content flex flex--column flex--end\">\n                      <header class=\"ctagrid__header flex flex--center aspect-ratio--4-3\">\n                          <h2 class=\"h1 flex flex--column flex--center\">Visi\u00f3n<\/h2>\n                      <\/header>\n                      <p class=\"text--center\">\u00bfPor qu\u00e9 hemos sido llamados a amar a nuestros compa\u00f1eros internacionales?<\/p>\n                       \n<div class=\"align--center\">\n    <a id=\"calltoactiongrid-block-block_5fa536c34b3da\" target=\"\" href=\"https:\/\/sobremesa.ifesworld.org\/es\/vision\/\" class=\"grid-cta__button btn btn--secondary\">\n        <span>\n        Descubre m\u00e1s        <\/span>\n    <\/a>\n<\/div>\n\n                  <\/div>\n              <\/article>\n          <\/li>\n                <li class=\"post__item flex flex--column\">\n              <article>\n                  <figure class=\"image--absolute--center image--absolute--mask image--absolute--aspect-ratio aspect-ratio--4-3\">\n                    <img width=\"300\" height=\"200\" src=\"https:\/\/sobremesa.ifesworld.org\/wp-content\/uploads\/2021\/02\/17EuropePresence_A5_3763-300x200.jpg\" class=\"attachment-medium size-medium\" alt=\"\" decoding=\"async\" loading=\"lazy\" srcset=\"https:\/\/sobremesa.ifesworld.org\/wp-content\/uploads\/2021\/02\/17EuropePresence_A5_3763-300x200.jpg 300w, https:\/\/sobremesa.ifesworld.org\/wp-content\/uploads\/2021\/02\/17EuropePresence_A5_3763-1024x683.jpg 1024w, https:\/\/sobremesa.ifesworld.org\/wp-content\/uploads\/2021\/02\/17EuropePresence_A5_3763-768x512.jpg 768w, https:\/\/sobremesa.ifesworld.org\/wp-content\/uploads\/2021\/02\/17EuropePresence_A5_3763-1536x1024.jpg 1536w, https:\/\/sobremesa.ifesworld.org\/wp-content\/uploads\/2021\/02\/17EuropePresence_A5_3763.jpg 1920w\" sizes=\"(max-width: 300px) 100vw, 300px\" \/>                  <\/figure>\n                  <div class=\"ctagrid__content flex flex--column flex--end\">\n                      <header class=\"ctagrid__header flex flex--center aspect-ratio--4-3\">\n                          <h2 class=\"h1 flex flex--column flex--center\">F\u00f3rmate<\/h2>\n                      <\/header>\n                      <p class=\"text--center\">\u00bfC\u00f3mo podemos amar y servir a nuestros amigos internacionales?<\/p>\n                       \n<div class=\"align--center\">\n    <a id=\"calltoactiongrid-block-block_5fa536c34b3da\" target=\"\" href=\"https:\/\/sobremesa.ifesworld.org\/es\/formate\/\" class=\"grid-cta__button btn btn--secondary\">\n        <span>\n        Descubre m\u00e1s        <\/span>\n    <\/a>\n<\/div>\n\n                  <\/div>\n              <\/article>\n          <\/li>\n                <li class=\"post__item flex flex--column\">\n              <article>\n                  <figure class=\"image--absolute--center image--absolute--mask image--absolute--aspect-ratio aspect-ratio--4-3\">\n                    <img width=\"300\" height=\"200\" src=\"https:\/\/sobremesa.ifesworld.org\/wp-content\/uploads\/2020\/11\/REVIVE20191229-AM-0926-300x200.jpg\" class=\"attachment-medium size-medium\" alt=\"\" decoding=\"async\" loading=\"lazy\" srcset=\"https:\/\/sobremesa.ifesworld.org\/wp-content\/uploads\/2020\/11\/REVIVE20191229-AM-0926-300x200.jpg 300w, https:\/\/sobremesa.ifesworld.org\/wp-content\/uploads\/2020\/11\/REVIVE20191229-AM-0926-1024x683.jpg 1024w, https:\/\/sobremesa.ifesworld.org\/wp-content\/uploads\/2020\/11\/REVIVE20191229-AM-0926-768x512.jpg 768w, https:\/\/sobremesa.ifesworld.org\/wp-content\/uploads\/2020\/11\/REVIVE20191229-AM-0926-1536x1024.jpg 1536w, https:\/\/sobremesa.ifesworld.org\/wp-content\/uploads\/2020\/11\/REVIVE20191229-AM-0926.jpg 1920w\" sizes=\"(max-width: 300px) 100vw, 300px\" \/>                  <\/figure>\n                  <div class=\"ctagrid__content flex flex--column flex--end\">\n                      <header class=\"ctagrid__header flex flex--center aspect-ratio--4-3\">\n                          <h2 class=\"h1 flex flex--column flex--center\">Insp\u00edrate<\/h2>\n                      <\/header>\n                      <p class=\"text--center\">Explora las historias de c\u00f3mo Dios est\u00e1 trabajando entre los estudiantes internacionales hoy en d\u00eda.<\/p>\n                       \n<div class=\"align--center\">\n    <a id=\"calltoactiongrid-block-block_5fa536c34b3da\" target=\"\" href=\"https:\/\/sobremesa.ifesworld.org\/es\/blog\/\" class=\"grid-cta__button btn btn--secondary\">\n        <span>\n        Leer m\u00e1s        <\/span>\n    <\/a>\n<\/div>\n\n                  <\/div>\n              <\/article>\n          <\/li>\n          <\/ul>\n<\/section><\/div><\/div>\n<\/div><\/div>","protected":false},"excerpt":{"rendered":"<p>\u00bfQu\u00e9 pasar\u00eda si cada estudiante que leyera esto se hiciera amigo de un estudiante internacional? M\u00e1s de 5 millones de estudiantes cursan sus estudios en el extranjero cada a\u00f1o. Los expertos predicen que este n\u00famero seguir\u00e1 creciendo en los a\u00f1os venideros.&nbsp;&nbsp; Entonces, cuando caminas por tu campus, \u00bfa qui\u00e9n ves? \u00bfA un amigo? \u00bfA un&#8230;<\/p>\n","protected":false},"author":4,"featured_media":88,"parent":0,"menu_order":0,"comment_status":"closed","ping_status":"closed","template":"","meta":{"inline_featured_image":false},"area":[],"theme":[],"acf":[],"yoast_head":"<!-- This site is optimized with the Yoast SEO plugin v20.8 - https:\/\/yoast.com\/wordpress\/plugins\/seo\/ -->\n<title>Inicio - IFES Sobremesa<\/title>\n<meta name=\"robots\" content=\"index, follow, max-snippet:-1, max-image-preview:large, max-video-preview:-1\" \/>\n<link rel=\"canonical\" href=\"https:\/\/sobremesa.ifesworld.org\/es\/inicio\/\" \/>\n<meta property=\"og:locale\" content=\"es_ES\" \/>\n<meta property=\"og:type\" content=\"article\" \/>\n<meta property=\"og:title\" content=\"Inicio - IFES Sobremesa\" \/>\n<meta property=\"og:description\" content=\"\u00bfQu\u00e9 pasar\u00eda si cada estudiante que leyera esto se hiciera amigo de un estudiante internacional? M\u00e1s de 5 millones de estudiantes cursan sus estudios en el extranjero cada a\u00f1o. Los expertos predicen que este n\u00famero seguir\u00e1 creciendo en los a\u00f1os venideros.&nbsp;&nbsp; Entonces, cuando caminas por tu campus, \u00bfa qui\u00e9n ves? \u00bfA un amigo? \u00bfA un...\" \/>\n<meta property=\"og:url\" content=\"https:\/\/sobremesa.ifesworld.org\/es\/inicio\/\" \/>\n<meta property=\"og:site_name\" content=\"IFES Sobremesa\" \/>\n<meta property=\"article:modified_time\" content=\"2021-09-27T12:53:50+00:00\" \/>\n<meta property=\"og:image\" content=\"https:\/\/sobremesa.ifesworld.org\/wp-content\/uploads\/2020\/11\/stefan-vladimirov-Q_Moi2xjieU-unsplash-scaled.jpg\" \/>\n\t<meta property=\"og:image:width\" content=\"2560\" \/>\n\t<meta property=\"og:image:height\" content=\"1707\" \/>\n\t<meta property=\"og:image:type\" content=\"image\/jpeg\" \/>\n<meta name=\"twitter:card\" content=\"summary_large_image\" \/>\n<meta name=\"twitter:label1\" content=\"Tiempo de lectura\" \/>\n\t<meta name=\"twitter:data1\" content=\"2 minutos\" \/>\n<script type=\"application\/ld+json\" class=\"yoast-schema-graph\">{\"@context\":\"https:\/\/schema.org\",\"@graph\":[{\"@type\":\"WebPage\",\"@id\":\"https:\/\/sobremesa.ifesworld.org\/es\/inicio\/\",\"url\":\"https:\/\/sobremesa.ifesworld.org\/es\/inicio\/\",\"name\":\"Inicio - IFES Sobremesa\",\"isPartOf\":{\"@id\":\"https:\/\/sobremesa.ifesworld.org\/es\/#website\"},\"datePublished\":\"2021-09-27T12:48:29+00:00\",\"dateModified\":\"2021-09-27T12:53:50+00:00\",\"breadcrumb\":{\"@id\":\"https:\/\/sobremesa.ifesworld.org\/es\/inicio\/#breadcrumb\"},\"inLanguage\":\"es\",\"potentialAction\":[{\"@type\":\"ReadAction\",\"target\":[\"https:\/\/sobremesa.ifesworld.org\/es\/inicio\/\"]}]},{\"@type\":\"BreadcrumbList\",\"@id\":\"https:\/\/sobremesa.ifesworld.org\/es\/inicio\/#breadcrumb\",\"itemListElement\":[{\"@type\":\"ListItem\",\"position\":1,\"name\":\"Home\",\"item\":\"https:\/\/sobremesa.ifesworld.org\/es\/\"},{\"@type\":\"ListItem\",\"position\":2,\"name\":\"Inicio\"}]},{\"@type\":\"WebSite\",\"@id\":\"https:\/\/sobremesa.ifesworld.org\/es\/#website\",\"url\":\"https:\/\/sobremesa.ifesworld.org\/es\/\",\"name\":\"IFES Sobremesa\",\"description\":\"Equipping for International Student Ministry\",\"publisher\":{\"@id\":\"https:\/\/sobremesa.ifesworld.org\/es\/#organization\"},\"inLanguage\":\"es\"},{\"@type\":\"Organization\",\"@id\":\"https:\/\/sobremesa.ifesworld.org\/es\/#organization\",\"name\":\"IFES Sobremesa\",\"url\":\"https:\/\/sobremesa.ifesworld.org\/es\/\",\"logo\":{\"@type\":\"ImageObject\",\"inLanguage\":\"es\",\"@id\":\"https:\/\/sobremesa.ifesworld.org\/es\/#\/schema\/logo\/image\/\",\"url\":\"https:\/\/sobremesa.ifesworld.org\/wp-content\/uploads\/2021\/03\/sobremesa-mark-v2.png\",\"contentUrl\":\"https:\/\/sobremesa.ifesworld.org\/wp-content\/uploads\/2021\/03\/sobremesa-mark-v2.png\",\"width\":400,\"height\":400,\"caption\":\"IFES Sobremesa\"},\"image\":{\"@id\":\"https:\/\/sobremesa.ifesworld.org\/es\/#\/schema\/logo\/image\/\"}}]}<\/script>\n<!-- \/ Yoast SEO plugin. -->","yoast_head_json":{"title":"Inicio - IFES Sobremesa","robots":{"index":"index","follow":"follow","max-snippet":"max-snippet:-1","max-image-preview":"max-image-preview:large","max-video-preview":"max-video-preview:-1"},"canonical":"https:\/\/sobremesa.ifesworld.org\/es\/inicio\/","og_locale":"es_ES","og_type":"article","og_title":"Inicio - IFES Sobremesa","og_description":"\u00bfQu\u00e9 pasar\u00eda si cada estudiante que leyera esto se hiciera amigo de un estudiante internacional? M\u00e1s de 5 millones de estudiantes cursan sus estudios en el extranjero cada a\u00f1o. Los expertos predicen que este n\u00famero seguir\u00e1 creciendo en los a\u00f1os venideros.&nbsp;&nbsp; Entonces, cuando caminas por tu campus, \u00bfa qui\u00e9n ves? \u00bfA un amigo? \u00bfA un...","og_url":"https:\/\/sobremesa.ifesworld.org\/es\/inicio\/","og_site_name":"IFES Sobremesa","article_modified_time":"2021-09-27T12:53:50+00:00","og_image":[{"width":2560,"height":1707,"url":"https:\/\/sobremesa.ifesworld.org\/wp-content\/uploads\/2020\/11\/stefan-vladimirov-Q_Moi2xjieU-unsplash-scaled.jpg","type":"image\/jpeg"}],"twitter_card":"summary_large_image","twitter_misc":{"Tiempo de lectura":"2 minutos"},"schema":{"@context":"https:\/\/schema.org","@graph":[{"@type":"WebPage","@id":"https:\/\/sobremesa.ifesworld.org\/es\/inicio\/","url":"https:\/\/sobremesa.ifesworld.org\/es\/inicio\/","name":"Inicio - IFES Sobremesa","isPartOf":{"@id":"https:\/\/sobremesa.ifesworld.org\/es\/#website"},"datePublished":"2021-09-27T12:48:29+00:00","dateModified":"2021-09-27T12:53:50+00:00","breadcrumb":{"@id":"https:\/\/sobremesa.ifesworld.org\/es\/inicio\/#breadcrumb"},"inLanguage":"es","potentialAction":[{"@type":"ReadAction","target":["https:\/\/sobremesa.ifesworld.org\/es\/inicio\/"]}]},{"@type":"BreadcrumbList","@id":"https:\/\/sobremesa.ifesworld.org\/es\/inicio\/#breadcrumb","itemListElement":[{"@type":"ListItem","position":1,"name":"Home","item":"https:\/\/sobremesa.ifesworld.org\/es\/"},{"@type":"ListItem","position":2,"name":"Inicio"}]},{"@type":"WebSite","@id":"https:\/\/sobremesa.ifesworld.org\/es\/#website","url":"https:\/\/sobremesa.ifesworld.org\/es\/","name":"IFES Sobremesa","description":"Equipping for International Student Ministry","publisher":{"@id":"https:\/\/sobremesa.ifesworld.org\/es\/#organization"},"inLanguage":"es"},{"@type":"Organization","@id":"https:\/\/sobremesa.ifesworld.org\/es\/#organization","name":"IFES Sobremesa","url":"https:\/\/sobremesa.ifesworld.org\/es\/","logo":{"@type":"ImageObject","inLanguage":"es","@id":"https:\/\/sobremesa.ifesworld.org\/es\/#\/schema\/logo\/image\/","url":"https:\/\/sobremesa.ifesworld.org\/wp-content\/uploads\/2021\/03\/sobremesa-mark-v2.png","contentUrl":"https:\/\/sobremesa.ifesworld.org\/wp-content\/uploads\/2021\/03\/sobremesa-mark-v2.png","width":400,"height":400,"caption":"IFES Sobremesa"},"image":{"@id":"https:\/\/sobremesa.ifesworld.org\/es\/#\/schema\/logo\/image\/"}}]}},"_links":{"self":[{"href":"https:\/\/sobremesa.ifesworld.org\/es\/wp-json\/wp\/v2\/pages\/726"}],"collection":[{"href":"https:\/\/sobremesa.ifesworld.org\/es\/wp-json\/wp\/v2\/pages"}],"about":[{"href":"https:\/\/sobremesa.ifesworld.org\/es\/wp-json\/wp\/v2\/types\/page"}],"author":[{"embeddable":true,"href":"https:\/\/sobremesa.ifesworld.org\/es\/wp-json\/wp\/v2\/users\/4"}],"replies":[{"embeddable":true,"href":"https:\/\/sobremesa.ifesworld.org\/es\/wp-json\/wp\/v2\/comments?post=726"}],"version-history":[{"count":5,"href":"https:\/\/sobremesa.ifesworld.org\/es\/wp-json\/wp\/v2\/pages\/726\/revisions"}],"predecessor-version":[{"id":732,"href":"https:\/\/sobremesa.ifesworld.org\/es\/wp-json\/wp\/v2\/pages\/726\/revisions\/732"}],"wp:featuredmedia":[{"embeddable":true,"href":"https:\/\/sobremesa.ifesworld.org\/es\/wp-json\/wp\/v2\/media\/88"}],"wp:attachment":[{"href":"https:\/\/sobremesa.ifesworld.org\/es\/wp-json\/wp\/v2\/media?parent=726"}],"wp:term":[{"taxonomy":"area","embeddable":true,"href":"https:\/\/sobremesa.ifesworld.org\/es\/wp-json\/wp\/v2\/area?post=726"},{"taxonomy":"theme","embeddable":true,"href":"https:\/\/sobremesa.ifesworld.org\/es\/wp-json\/wp\/v2\/theme?post=726"}],"curies":[{"name":"wp","href":"https:\/\/api.w.org\/{rel}","templated":true}]}}