{"id":388,"date":"2021-01-13T12:18:46","date_gmt":"2021-01-13T12:18:46","guid":{"rendered":"https:\/\/sobremesa.ifesworld.org\/vision\/"},"modified":"2021-08-10T13:10:51","modified_gmt":"2021-08-10T12:10:51","slug":"vision","status":"publish","type":"page","link":"https:\/\/sobremesa.ifesworld.org\/es\/vision\/","title":{"rendered":"Visi\u00f3n"},"content":{"rendered":"<div class=\"wp-block block-core-group\">\n<div class=\"wp-block-group is-layout-flow\"><div class=\"wp-block-group__inner-container\"><div class=\"wp-block block-core-heading\">\n<h3 class=\"wp-block-heading\"><b><i><span data-contrast=\"none\">Imagina que cada estudiante internacional conociera a un amigo que realmente amara a Jes\u00fas.<\/span><\/i><\/b><span data-ccp-props=\"{&quot;201341983&quot;:2,&quot;335559740&quot;:220}\">&nbsp;<\/span>\n\n<b><i><span data-contrast=\"none\">Imagina que ese amigo fueras t\u00fa.<\/span><\/i><\/b><span data-ccp-props=\"{&quot;201341983&quot;:2,&quot;335551550&quot;:3,&quot;335551620&quot;:3,&quot;335559740&quot;:220}\">&nbsp;<\/span><\/h3>\n<\/div>\n\n<div class=\"wp-block block-core-paragraph\">\n<p>Hay m\u00e1s de 5 millones de estudiantes internacionales repartidos por el mundo en casi todos los campus, \u00a1incluso en el tuyo! Aunque muchos han sido bienvenidos, algunos pueden haber pasado desapercibidos, y puede que algunos sufran porque no se les ha dado la bienvenida.  <\/p>\n<\/div>\n\n<div class=\"wp-block block-core-paragraph\">\n<p><span class=\"TextRun SCXW247285494 BCX0\" lang=\"ES-ES\" xml:lang=\"ES-ES\" data-contrast=\"none\"><span class=\"NormalTextRun ContextualSpellingAndGrammarErrorV2 SCXW247285494 BCX0\">Pero<\/span><\/span><span class=\"TextRun SCXW247285494 BCX0\" lang=\"ES-ES\" xml:lang=\"ES-ES\" data-contrast=\"none\"><span class=\"NormalTextRun ContextualSpellingAndGrammarErrorV2 SCXW247285494 BCX0\">,<\/span><\/span><span class=\"TextRun SCXW247285494 BCX0\" lang=\"ES-ES\" xml:lang=\"ES-ES\" data-contrast=\"none\"><span class=\"NormalTextRun SCXW247285494 BCX0\">&nbsp;\u00bfy si fu\u00e9ramos los primeros en darles la bienvenida? Cuando el mundo dice&nbsp;<\/span><\/span><span class=\"TextRun SCXW247285494 BCX0\" lang=\"ES-ES\" xml:lang=\"ES-ES\" data-contrast=\"none\"><span class=\"NormalTextRun SCXW247285494 BCX0\">Eres un extranjero<\/span><\/span><span class=\"TextRun SCXW247285494 BCX0\" lang=\"ES-ES\" xml:lang=\"ES-ES\" data-contrast=\"none\"><span class=\"NormalTextRun SCXW247285494 BCX0\">, podr\u00edamos decir&nbsp;<\/span><\/span><span class=\"TextRun SCXW247285494 BCX0\" lang=\"ES-ES\" xml:lang=\"ES-ES\" data-contrast=\"none\"><span class=\"NormalTextRun SCXW247285494 BCX0\">Eres mi amigo<\/span><\/span><span class=\"TextRun SCXW247285494 BCX0\" lang=\"ES-ES\" xml:lang=\"ES-ES\" data-contrast=\"none\"><span class=\"NormalTextRun SCXW247285494 BCX0\">. \u00bfY si el poder transformador de Dios, el creador, y Jes\u00fas el Salvador pudiera mostrarse mediante algo tan sencillo como la amistad?<\/span><\/span><span class=\"EOP SCXW247285494 BCX0\" data-ccp-props=\"{&quot;201341983&quot;:2,&quot;335559740&quot;:220}\">&nbsp;<\/span><\/p>\n<\/div>\n\n<div class=\"wp-block block-core-paragraph\">\n<p>Nuestra visi\u00f3n para Sobremesa consiste en recordar y celebrar la hospitalidad de Dios, extendiendo dicha hospitalidad a los estudiantes internacionales. Por medio de Sobremesa, esperamos reflejar el car\u00e1cter de Dios, unirnos a Dios en su misi\u00f3n y promover el crecimiento de Dios en la iglesia global. <\/p>\n<\/div><\/div>\n<\/div><\/div>\n\n<div class=\"wp-block block-core-cover alignfull no-padding-bottom\">\n<div class=\"wp-block-cover alignfull has-background-dim has-parallax no-padding-bottom\" style=\"background-image:url(https:\/\/sobremesa.ifesworld.org\/wp-content\/uploads\/2020\/12\/IFESWorldAssembly2019-05072019\u00a9IFESAlexandraSmart2019.jpg);min-height:400px\"><div class=\"wp-block-cover__inner-container\"><div class=\"wp-block block-core-paragraph\">\n<p class=\"has-lg-font-size\"><strong>IMAGINA&#8230;<\/strong><\/p>\n<\/div>\n\n<div class=\"wp-block block-core-paragraph\">\n<p class=\"has-lg-font-size\">Si cada estudiante de IFES extendiera el amor y la hospitalidad de Jes\u00fas a un amigo internacional, \u00bfcu\u00e1ntas vidas podr\u00edan ser tocadas? <\/p>\n<\/div><\/div><\/div>\n<\/div>\n\n<div class=\"wp-block block-core-group alignfull\">\n<div class=\"wp-block-group alignfull has-white-dark-background-color has-background is-layout-flow\"><div class=\"wp-block-group__inner-container\"><div class=\"wp-block block-core-columns\">\n<div class=\"wp-block-columns is-layout-flex wp-container-4\">\n<div class=\"wp-block-column is-layout-flow\" style=\"flex-basis:33.33%\"><div class=\"wp-block block-core-image\">\n<figure class=\"wp-block-image size-full\"><img decoding=\"async\" loading=\"lazy\" width=\"630\" height=\"794\" src=\"https:\/\/sobremesa.ifesworld.org\/wp-content\/uploads\/2021\/07\/Sobremesa-Knowing-God-ICON-BLACK.png\" alt=\"\" class=\"wp-image-556\" srcset=\"https:\/\/sobremesa.ifesworld.org\/wp-content\/uploads\/2021\/07\/Sobremesa-Knowing-God-ICON-BLACK.png 630w, https:\/\/sobremesa.ifesworld.org\/wp-content\/uploads\/2021\/07\/Sobremesa-Knowing-God-ICON-BLACK-238x300.png 238w\" sizes=\"(max-width: 630px) 100vw, 630px\" \/><\/figure>\n<\/div><\/div>\n\n\n\n<div class=\"wp-block-column is-layout-flow\" style=\"flex-basis:66.66%\"><div class=\"wp-block block-core-heading\">\n<h1 class=\"wp-block-heading\">Conociendo a Dios <\/h1>\n<\/div>\n\n<div class=\"wp-block block-core-paragraph\">\n<p>\u00bfSab\u00edas que la hospitalidad est\u00e1 profundamente arraigada en el car\u00e1cter de Dios? Lo vemos cuando alcanz\u00f3 a los israelitas cuando eran habitantes en una tierra extranjera. Lo vemos una vez m\u00e1s cuando nos alcanz\u00f3 cuando a\u00fan \u00e9ramos pecadores y nos adopt\u00f3 como sus hijos. <\/p>\n<\/div>\n\n<div class=\"wp-block block-core-paragraph\">\n<p>No nos mostr\u00f3 esta hospitalidad para que evangelio nos resultara m\u00e1s atractivo. <strong>Nos brind\u00f3 esta hospitalidad porque \u00c9l es quien es.<\/strong> Dios es amor. Es parte de su naturaleza. Como hijos de Dios, hemos sido llamados a reflejar su car\u00e1cter y a compartir la misma hospitalidad que recibimos.<\/p>\n<\/div><\/div>\n<\/div>\n<\/div><\/div>\n<\/div><\/div>\n\n<div class=\"wp-block block-acf-spacer\">\n<div id=\"spacer-block_5fce18ea9c399\" class=\"\">\n    <div aria-hidden=\"true\" class=\"wp-block-spacer spacer--md\"><\/div>\n<\/div>\n<\/div>\n\n<div class=\"wp-block block-acf-spacer\">\n<div id=\"spacer-block_5fcf55bbdf28c\" class=\"\">\n    <div aria-hidden=\"true\" class=\"wp-block-spacer spacer--md\"><\/div>\n<\/div>\n<\/div>\n\n<div class=\"wp-block block-core-columns\">\n<div class=\"wp-block-columns is-layout-flex wp-container-8\">\n<div class=\"wp-block-column is-layout-flow\" style=\"flex-basis:66.66%\"><div class=\"wp-block block-core-heading\">\n<h1 class=\"wp-block-heading\">Unirse a la misi\u00f3n de Dios <\/h1>\n<\/div>\n\n<div class=\"wp-block block-core-paragraph\">\n<p>\u00a1Dios est\u00e1 obrando en nuestro mundo para dar a conocer su nombre! No es una coincidencia que haya tra\u00eddo a estudiantes de todos los rincones del mundo a nuestros campus, incluyendo regiones en las que el acceso al evangelio es limitado. <strong>Dios nos ha llamado a vivir nuestra fe y a participar en su misi\u00f3n para compartir las buenas nuevas.<\/strong><\/p>\n<\/div>\n\n<div class=\"wp-block block-core-paragraph\">\n<p>Cada vez que damos la bienvenida, cada vez que hacemos un amigo, cada vez que tenemos una conversaci\u00f3n acerca del evangelio, damos testimonio de la naturaleza amorosa de Dios y de la salvaci\u00f3n que solo viene por medio de Cristo. En un mundo en el que el temor y la desconfianza no paran de aumentar, es un testimonio a\u00fan m\u00e1s potente de qui\u00e9n es Dios. <\/p>\n<\/div><\/div>\n\n\n\n<div class=\"wp-block-column is-layout-flow\" style=\"flex-basis:33.33%\"><div class=\"wp-block block-core-image\">\n<figure class=\"wp-block-image size-full\"><img decoding=\"async\" loading=\"lazy\" width=\"639\" height=\"794\" src=\"https:\/\/sobremesa.ifesworld.org\/wp-content\/uploads\/2021\/07\/Sobremesa-Joining-God-In-His-Mission-ICON-BLACK.jpg\" alt=\"\" class=\"wp-image-559\" srcset=\"https:\/\/sobremesa.ifesworld.org\/wp-content\/uploads\/2021\/07\/Sobremesa-Joining-God-In-His-Mission-ICON-BLACK.jpg 639w, https:\/\/sobremesa.ifesworld.org\/wp-content\/uploads\/2021\/07\/Sobremesa-Joining-God-In-His-Mission-ICON-BLACK-241x300.jpg 241w\" sizes=\"(max-width: 639px) 100vw, 639px\" \/><\/figure>\n<\/div><\/div>\n<\/div>\n<\/div>\n\n<div class=\"wp-block block-core-group alignfull\">\n<div class=\"wp-block-group alignfull has-white-dark-background-color has-background is-layout-flow\"><div class=\"wp-block-group__inner-container\"><div class=\"wp-block block-core-columns\">\n<div class=\"wp-block-columns is-layout-flex wp-container-11\">\n<div class=\"wp-block-column is-layout-flow\" style=\"flex-basis:33.33%\"><div class=\"wp-block block-core-image\">\n<figure class=\"wp-block-image size-full\"><img decoding=\"async\" loading=\"lazy\" width=\"514\" height=\"794\" src=\"https:\/\/sobremesa.ifesworld.org\/wp-content\/uploads\/2021\/07\/Sobremesa-Growing-Gods-Global-Church-ICON-BLACK.png\" alt=\"\" class=\"wp-image-562\" srcset=\"https:\/\/sobremesa.ifesworld.org\/wp-content\/uploads\/2021\/07\/Sobremesa-Growing-Gods-Global-Church-ICON-BLACK.png 514w, https:\/\/sobremesa.ifesworld.org\/wp-content\/uploads\/2021\/07\/Sobremesa-Growing-Gods-Global-Church-ICON-BLACK-194x300.png 194w\" sizes=\"(max-width: 514px) 100vw, 514px\" \/><\/figure>\n<\/div><\/div>\n\n\n\n<div class=\"wp-block-column is-layout-flow\" style=\"flex-basis:66.66%\"><div class=\"wp-block block-core-heading\">\n<h1 class=\"wp-block-heading\">Aumentando la iglesia global de Dios <\/h1>\n<\/div>\n\n<div class=\"wp-block block-core-paragraph\">\n<p>Los estudiantes internacionales son un regalo de Dios para aumentar su iglesia global. \u00a1Qu\u00e9 oportunidad tan incre\u00edble para aprender acerca del amor de Dios por todas las personas y vivir la obra de Dios en y a trav\u00e9s de nosotros!<\/p>\n<\/div>\n\n<div class=\"wp-block block-core-paragraph\">\n<p><span class=\"TextRun SCXW90997698 BCX0\" lang=\"ES-ES\" xml:lang=\"ES-ES\" data-contrast=\"none\"><span class=\"NormalTextRun SCXW90997698 BCX0\">Seg\u00fan construimos relaciones&nbsp;<\/span><\/span><span class=\"TextRun SCXW90997698 BCX0\" lang=\"ES-ES\" xml:lang=\"ES-ES\" data-contrast=\"none\"><span class=\"NormalTextRun SpellingErrorV2 SCXW90997698 BCX0\">inter-culturales<\/span><\/span><span class=\"TextRun SCXW90997698 BCX0\" lang=\"ES-ES\" xml:lang=\"ES-ES\" data-contrast=\"none\"><span class=\"NormalTextRun SCXW90997698 BCX0\">&nbsp;genuinas, conseguimos saborear la creatividad de Dios y experimentar una maravillosa diversidad de naciones y culturas. En primer lugar, v<strong>emos que la mano de Dios no es solo la de un Dios de nuestra propia comunidad, sino que es Dios de toda naci\u00f3n, toda tribu, y toda lengua.<\/strong> \u00a1Podemos ser testigos de Dios quien est\u00e1 obrando por medio de nosotros! Seg\u00fan damos la bienvenida a estudiantes de otros pa\u00edses a nuestras comunidades, estas comunidades pueden crecer para ser un reflejo de la nueva humanidad de Dios: un pueblo de todos los pueblos.<\/span><\/span><span class=\"EOP SCXW90997698 BCX0\" data-ccp-props=\"{&quot;201341983&quot;:2,&quot;335559740&quot;:220}\">&nbsp;<\/span><\/p>\n<\/div><\/div>\n<\/div>\n<\/div><\/div>\n<\/div><\/div>\n\n<div class=\"wp-block block-acf-calltoactiongrid alignfull\">\n<section id=\"calltoactiongrid-block-block_5fa536c34b3da\" class=\"alignfull calltoaction--grid custom-post-list list--custom\">\n    <ul class='post-list items--3 flex flex--wrap flex--center-x no-style'>\n                <li class=\"post__item flex flex--column\">\n              <article>\n                  <figure class=\"image--absolute--center image--absolute--mask image--absolute--aspect-ratio aspect-ratio--4-3\">\n                    <img width=\"300\" height=\"200\" src=\"https:\/\/sobremesa.ifesworld.org\/wp-content\/uploads\/2021\/02\/17EuropePresence_A5_3763-300x200.jpg\" class=\"attachment-medium size-medium\" alt=\"\" decoding=\"async\" loading=\"lazy\" srcset=\"https:\/\/sobremesa.ifesworld.org\/wp-content\/uploads\/2021\/02\/17EuropePresence_A5_3763-300x200.jpg 300w, https:\/\/sobremesa.ifesworld.org\/wp-content\/uploads\/2021\/02\/17EuropePresence_A5_3763-1024x683.jpg 1024w, https:\/\/sobremesa.ifesworld.org\/wp-content\/uploads\/2021\/02\/17EuropePresence_A5_3763-768x512.jpg 768w, https:\/\/sobremesa.ifesworld.org\/wp-content\/uploads\/2021\/02\/17EuropePresence_A5_3763-1536x1024.jpg 1536w, https:\/\/sobremesa.ifesworld.org\/wp-content\/uploads\/2021\/02\/17EuropePresence_A5_3763.jpg 1920w\" sizes=\"(max-width: 300px) 100vw, 300px\" \/>                  <\/figure>\n                  <div class=\"ctagrid__content flex flex--column flex--end\">\n                      <header class=\"ctagrid__header flex flex--center aspect-ratio--4-3\">\n                          <h2 class=\"h1 flex flex--column flex--center\">F\u00f3rmate<\/h2>\n                      <\/header>\n                      <p class=\"text--center\">\u00bfC\u00f3mo podemos amar y servir a nuestros amigos internacionales?<\/p>\n                       \n<div class=\"align--center\">\n    <a id=\"calltoactiongrid-block-block_5fa536c34b3da\" target=\"\" href=\"https:\/\/sobremesa.ifesworld.org\/es\/formate\/\" class=\"grid-cta__button btn btn--secondary\">\n        <span>\n        Descubre m\u00e1s        <\/span>\n    <\/a>\n<\/div>\n\n                  <\/div>\n              <\/article>\n          <\/li>\n                <li class=\"post__item flex flex--column\">\n              <article>\n                  <figure class=\"image--absolute--center image--absolute--mask image--absolute--aspect-ratio aspect-ratio--4-3\">\n                    <img width=\"300\" height=\"200\" src=\"https:\/\/sobremesa.ifesworld.org\/wp-content\/uploads\/2020\/11\/REVIVE20191229-AM-0926-300x200.jpg\" class=\"attachment-medium size-medium\" alt=\"\" decoding=\"async\" loading=\"lazy\" srcset=\"https:\/\/sobremesa.ifesworld.org\/wp-content\/uploads\/2020\/11\/REVIVE20191229-AM-0926-300x200.jpg 300w, https:\/\/sobremesa.ifesworld.org\/wp-content\/uploads\/2020\/11\/REVIVE20191229-AM-0926-1024x683.jpg 1024w, https:\/\/sobremesa.ifesworld.org\/wp-content\/uploads\/2020\/11\/REVIVE20191229-AM-0926-768x512.jpg 768w, https:\/\/sobremesa.ifesworld.org\/wp-content\/uploads\/2020\/11\/REVIVE20191229-AM-0926-1536x1024.jpg 1536w, https:\/\/sobremesa.ifesworld.org\/wp-content\/uploads\/2020\/11\/REVIVE20191229-AM-0926.jpg 1920w\" sizes=\"(max-width: 300px) 100vw, 300px\" \/>                  <\/figure>\n                  <div class=\"ctagrid__content flex flex--column flex--end\">\n                      <header class=\"ctagrid__header flex flex--center aspect-ratio--4-3\">\n                          <h2 class=\"h1 flex flex--column flex--center\">Insp\u00edrate<\/h2>\n                      <\/header>\n                      <p class=\"text--center\">Explora las historias de c\u00f3mo Dios est\u00e1 trabajando entre los estudiantes internacionales hoy en d\u00eda.<\/p>\n                       \n<div class=\"align--center\">\n    <a id=\"calltoactiongrid-block-block_5fa536c34b3da\" target=\"\" href=\"https:\/\/sobremesa.ifesworld.org\/es\/blog\/\" class=\"grid-cta__button btn btn--secondary\">\n        <span>\n        Leer m\u00e1s        <\/span>\n    <\/a>\n<\/div>\n\n                  <\/div>\n              <\/article>\n          <\/li>\n          <\/ul>\n<\/section><\/div>","protected":false},"excerpt":{"rendered":"<p>Imagina que cada estudiante internacional conociera a un amigo que realmente amara a Jes\u00fas.&nbsp; Imagina que ese amigo fueras t\u00fa.&nbsp; Hay m\u00e1s de 5 millones de estudiantes internacionales repartidos por el mundo en casi todos los campus, \u00a1incluso en el tuyo! Aunque muchos han sido bienvenidos, algunos pueden haber pasado desapercibidos, y puede que algunos&#8230;<\/p>\n","protected":false},"author":4,"featured_media":92,"parent":0,"menu_order":0,"comment_status":"closed","ping_status":"closed","template":"","meta":{"inline_featured_image":false},"area":[],"theme":[],"acf":[],"yoast_head":"<!-- This site is optimized with the Yoast SEO plugin v20.8 - https:\/\/yoast.com\/wordpress\/plugins\/seo\/ -->\n<title>Visi\u00f3n - IFES Sobremesa<\/title>\n<meta name=\"robots\" content=\"index, follow, max-snippet:-1, max-image-preview:large, max-video-preview:-1\" \/>\n<link rel=\"canonical\" href=\"https:\/\/sobremesa.ifesworld.org\/es\/vision\/\" \/>\n<meta property=\"og:locale\" content=\"es_ES\" \/>\n<meta property=\"og:type\" content=\"article\" \/>\n<meta property=\"og:title\" content=\"Visi\u00f3n - IFES Sobremesa\" \/>\n<meta property=\"og:description\" content=\"Imagina que cada estudiante internacional conociera a un amigo que realmente amara a Jes\u00fas.&nbsp; Imagina que ese amigo fueras t\u00fa.&nbsp; Hay m\u00e1s de 5 millones de estudiantes internacionales repartidos por el mundo en casi todos los campus, \u00a1incluso en el tuyo! Aunque muchos han sido bienvenidos, algunos pueden haber pasado desapercibidos, y puede que algunos...\" \/>\n<meta property=\"og:url\" content=\"https:\/\/sobremesa.ifesworld.org\/es\/vision\/\" \/>\n<meta property=\"og:site_name\" content=\"IFES Sobremesa\" \/>\n<meta property=\"article:modified_time\" content=\"2021-08-10T12:10:51+00:00\" \/>\n<meta property=\"og:image\" content=\"https:\/\/sobremesa.ifesworld.org\/wp-content\/uploads\/2020\/11\/19WAWorldStudentDay004-e1604677339922.jpg\" \/>\n\t<meta property=\"og:image:width\" content=\"1920\" \/>\n\t<meta property=\"og:image:height\" content=\"1280\" \/>\n\t<meta property=\"og:image:type\" content=\"image\/jpeg\" \/>\n<meta name=\"twitter:card\" content=\"summary_large_image\" \/>\n<meta name=\"twitter:label1\" content=\"Tiempo de lectura\" \/>\n\t<meta name=\"twitter:data1\" content=\"3 minutos\" \/>\n<script type=\"application\/ld+json\" class=\"yoast-schema-graph\">{\"@context\":\"https:\/\/schema.org\",\"@graph\":[{\"@type\":\"WebPage\",\"@id\":\"https:\/\/sobremesa.ifesworld.org\/es\/vision\/\",\"url\":\"https:\/\/sobremesa.ifesworld.org\/es\/vision\/\",\"name\":\"Visi\u00f3n - IFES Sobremesa\",\"isPartOf\":{\"@id\":\"https:\/\/sobremesa.ifesworld.org\/es\/#website\"},\"datePublished\":\"2021-01-13T12:18:46+00:00\",\"dateModified\":\"2021-08-10T12:10:51+00:00\",\"breadcrumb\":{\"@id\":\"https:\/\/sobremesa.ifesworld.org\/es\/vision\/#breadcrumb\"},\"inLanguage\":\"es\",\"potentialAction\":[{\"@type\":\"ReadAction\",\"target\":[\"https:\/\/sobremesa.ifesworld.org\/es\/vision\/\"]}]},{\"@type\":\"BreadcrumbList\",\"@id\":\"https:\/\/sobremesa.ifesworld.org\/es\/vision\/#breadcrumb\",\"itemListElement\":[{\"@type\":\"ListItem\",\"position\":1,\"name\":\"Home\",\"item\":\"https:\/\/sobremesa.ifesworld.org\/es\/\"},{\"@type\":\"ListItem\",\"position\":2,\"name\":\"Visi\u00f3n\"}]},{\"@type\":\"WebSite\",\"@id\":\"https:\/\/sobremesa.ifesworld.org\/es\/#website\",\"url\":\"https:\/\/sobremesa.ifesworld.org\/es\/\",\"name\":\"IFES Sobremesa\",\"description\":\"Equipping for International Student Ministry\",\"publisher\":{\"@id\":\"https:\/\/sobremesa.ifesworld.org\/es\/#organization\"},\"inLanguage\":\"es\"},{\"@type\":\"Organization\",\"@id\":\"https:\/\/sobremesa.ifesworld.org\/es\/#organization\",\"name\":\"IFES Sobremesa\",\"url\":\"https:\/\/sobremesa.ifesworld.org\/es\/\",\"logo\":{\"@type\":\"ImageObject\",\"inLanguage\":\"es\",\"@id\":\"https:\/\/sobremesa.ifesworld.org\/es\/#\/schema\/logo\/image\/\",\"url\":\"https:\/\/sobremesa.ifesworld.org\/wp-content\/uploads\/2021\/03\/sobremesa-mark-v2.png\",\"contentUrl\":\"https:\/\/sobremesa.ifesworld.org\/wp-content\/uploads\/2021\/03\/sobremesa-mark-v2.png\",\"width\":400,\"height\":400,\"caption\":\"IFES Sobremesa\"},\"image\":{\"@id\":\"https:\/\/sobremesa.ifesworld.org\/es\/#\/schema\/logo\/image\/\"}}]}<\/script>\n<!-- \/ Yoast SEO plugin. -->","yoast_head_json":{"title":"Visi\u00f3n - IFES Sobremesa","robots":{"index":"index","follow":"follow","max-snippet":"max-snippet:-1","max-image-preview":"max-image-preview:large","max-video-preview":"max-video-preview:-1"},"canonical":"https:\/\/sobremesa.ifesworld.org\/es\/vision\/","og_locale":"es_ES","og_type":"article","og_title":"Visi\u00f3n - IFES Sobremesa","og_description":"Imagina que cada estudiante internacional conociera a un amigo que realmente amara a Jes\u00fas.&nbsp; Imagina que ese amigo fueras t\u00fa.&nbsp; Hay m\u00e1s de 5 millones de estudiantes internacionales repartidos por el mundo en casi todos los campus, \u00a1incluso en el tuyo! Aunque muchos han sido bienvenidos, algunos pueden haber pasado desapercibidos, y puede que algunos...","og_url":"https:\/\/sobremesa.ifesworld.org\/es\/vision\/","og_site_name":"IFES Sobremesa","article_modified_time":"2021-08-10T12:10:51+00:00","og_image":[{"width":1920,"height":1280,"url":"https:\/\/sobremesa.ifesworld.org\/wp-content\/uploads\/2020\/11\/19WAWorldStudentDay004-e1604677339922.jpg","type":"image\/jpeg"}],"twitter_card":"summary_large_image","twitter_misc":{"Tiempo de lectura":"3 minutos"},"schema":{"@context":"https:\/\/schema.org","@graph":[{"@type":"WebPage","@id":"https:\/\/sobremesa.ifesworld.org\/es\/vision\/","url":"https:\/\/sobremesa.ifesworld.org\/es\/vision\/","name":"Visi\u00f3n - IFES Sobremesa","isPartOf":{"@id":"https:\/\/sobremesa.ifesworld.org\/es\/#website"},"datePublished":"2021-01-13T12:18:46+00:00","dateModified":"2021-08-10T12:10:51+00:00","breadcrumb":{"@id":"https:\/\/sobremesa.ifesworld.org\/es\/vision\/#breadcrumb"},"inLanguage":"es","potentialAction":[{"@type":"ReadAction","target":["https:\/\/sobremesa.ifesworld.org\/es\/vision\/"]}]},{"@type":"BreadcrumbList","@id":"https:\/\/sobremesa.ifesworld.org\/es\/vision\/#breadcrumb","itemListElement":[{"@type":"ListItem","position":1,"name":"Home","item":"https:\/\/sobremesa.ifesworld.org\/es\/"},{"@type":"ListItem","position":2,"name":"Visi\u00f3n"}]},{"@type":"WebSite","@id":"https:\/\/sobremesa.ifesworld.org\/es\/#website","url":"https:\/\/sobremesa.ifesworld.org\/es\/","name":"IFES Sobremesa","description":"Equipping for International Student Ministry","publisher":{"@id":"https:\/\/sobremesa.ifesworld.org\/es\/#organization"},"inLanguage":"es"},{"@type":"Organization","@id":"https:\/\/sobremesa.ifesworld.org\/es\/#organization","name":"IFES Sobremesa","url":"https:\/\/sobremesa.ifesworld.org\/es\/","logo":{"@type":"ImageObject","inLanguage":"es","@id":"https:\/\/sobremesa.ifesworld.org\/es\/#\/schema\/logo\/image\/","url":"https:\/\/sobremesa.ifesworld.org\/wp-content\/uploads\/2021\/03\/sobremesa-mark-v2.png","contentUrl":"https:\/\/sobremesa.ifesworld.org\/wp-content\/uploads\/2021\/03\/sobremesa-mark-v2.png","width":400,"height":400,"caption":"IFES Sobremesa"},"image":{"@id":"https:\/\/sobremesa.ifesworld.org\/es\/#\/schema\/logo\/image\/"}}]}},"_links":{"self":[{"href":"https:\/\/sobremesa.ifesworld.org\/es\/wp-json\/wp\/v2\/pages\/388"}],"collection":[{"href":"https:\/\/sobremesa.ifesworld.org\/es\/wp-json\/wp\/v2\/pages"}],"about":[{"href":"https:\/\/sobremesa.ifesworld.org\/es\/wp-json\/wp\/v2\/types\/page"}],"author":[{"embeddable":true,"href":"https:\/\/sobremesa.ifesworld.org\/es\/wp-json\/wp\/v2\/users\/4"}],"replies":[{"embeddable":true,"href":"https:\/\/sobremesa.ifesworld.org\/es\/wp-json\/wp\/v2\/comments?post=388"}],"version-history":[{"count":13,"href":"https:\/\/sobremesa.ifesworld.org\/es\/wp-json\/wp\/v2\/pages\/388\/revisions"}],"predecessor-version":[{"id":565,"href":"https:\/\/sobremesa.ifesworld.org\/es\/wp-json\/wp\/v2\/pages\/388\/revisions\/565"}],"wp:featuredmedia":[{"embeddable":true,"href":"https:\/\/sobremesa.ifesworld.org\/es\/wp-json\/wp\/v2\/media\/92"}],"wp:attachment":[{"href":"https:\/\/sobremesa.ifesworld.org\/es\/wp-json\/wp\/v2\/media?parent=388"}],"wp:term":[{"taxonomy":"area","embeddable":true,"href":"https:\/\/sobremesa.ifesworld.org\/es\/wp-json\/wp\/v2\/area?post=388"},{"taxonomy":"theme","embeddable":true,"href":"https:\/\/sobremesa.ifesworld.org\/es\/wp-json\/wp\/v2\/theme?post=388"}],"curies":[{"name":"wp","href":"https:\/\/api.w.org\/{rel}","templated":true}]}}