{"id":360,"date":"2021-02-23T11:55:52","date_gmt":"2021-02-23T11:55:52","guid":{"rendered":"https:\/\/sobremesa.ifesworld.org\/?page_id=360"},"modified":"2021-10-14T11:43:47","modified_gmt":"2021-10-14T10:43:47","slug":"formate","status":"publish","type":"page","link":"https:\/\/sobremesa.ifesworld.org\/es\/formate\/","title":{"rendered":"F\u00f3rmate"},"content":{"rendered":"<div class=\"wp-block block-acf-spacer\">\n<div id=\"spacer-block_5ec413b4cc943\" class=\"\">\n    <div aria-hidden=\"true\" class=\"wp-block-spacer spacer--md\"><\/div>\n<\/div>\n<\/div>\n\n<div class=\"wp-block block-core-group alignfull\">\n<div class=\"wp-block-group alignfull has-white-background-color has-background is-layout-flow\"><div class=\"wp-block-group__inner-container\"><div class=\"wp-block block-core-heading\">\n<h1 class=\"wp-block-heading\">\u00a1No est\u00e1s solo!&nbsp;<\/h1>\n<\/div>\n\n<div class=\"wp-block block-core-paragraph\">\n<p>\u00bfTienes preguntas acerca de la comunicaci\u00f3n&nbsp;inter-cultural? \u00bfAcerca de c\u00f3mo forjar relaciones genuinas? \u00bfSobre c\u00f3mo dirigir un estudio b\u00edblico? \u00bfO sobre c\u00f3mo colaborar con la iglesia local? \u00a1No est\u00e1s solo!&nbsp;<\/p>\n<\/div>\n\n<div class=\"wp-block block-core-paragraph\">\n<p>Sobremesa te ofrece una variedad de recursos para ayudarte a entender mejor c\u00f3mo hacerte amigo de los estudiantes internacionales que te rodean. Est\u00e1s invitado a una comunidad de personas que buscan dar los mismos pasos hacia los dem\u00e1s.&nbsp;<\/p>\n<\/div>\n\n<div class=\"wp-block block-core-heading\">\n<h2 class=\"wp-block-heading\"><strong>El mundo de Dios a tu puerta<\/strong><\/h2>\n<\/div>\n\n<div class=\"wp-block block-acf-spacer\">\n<div id=\"spacer-block_6150ded2c0df2\" class=\"\">\n    <div aria-hidden=\"true\" class=\"wp-block-spacer spacer--md\"><\/div>\n<\/div>\n<\/div>\n\n<div class=\"wp-block block-core-image aligncenter\">\n<div class=\"wp-block-image\"><figure class=\"aligncenter size-full is-resized\"><a href=\"https:\/\/sobremesa.ifesworld.org\/wp-content\/uploads\/2021\/09\/Gods-World-on-Your-Doorstep-ES.pdf\"><img decoding=\"async\" loading=\"lazy\" src=\"https:\/\/sobremesa.ifesworld.org\/wp-content\/uploads\/2021\/09\/Sobremesa-Cover-ES-small.jpg\" alt=\"\" class=\"wp-image-598\" width=\"362\" height=\"512\" srcset=\"https:\/\/sobremesa.ifesworld.org\/wp-content\/uploads\/2021\/09\/Sobremesa-Cover-ES-small.jpg 707w, https:\/\/sobremesa.ifesworld.org\/wp-content\/uploads\/2021\/09\/Sobremesa-Cover-ES-small-212x300.jpg 212w\" sizes=\"(max-width: 362px) 100vw, 362px\" \/><\/a><\/figure><\/div>\n<\/div>\n\n<div class=\"wp-block block-core-paragraph\">\n<p><strong><a href=\"https:\/\/sobremesa.ifesworld.org\/wp-content\/uploads\/2021\/09\/Gods-World-on-Your-Doorstep-ES.pdf\" target=\"_blank\" rel=\"noreferrer noopener\">El mundo de Dios a tu puerta<\/a><\/strong>&nbsp;es un folleto pr\u00e1ctico repleto de consejos para conectar interculturalmente con los estudiantes internacionales. Desde la oraci\u00f3n hasta la planificaci\u00f3n, esta descarga gratuita le proporcionar\u00e1 una base \u00fatil para empezar.&nbsp;<\/p>\n<\/div>\n\n<div class=\"wp-block block-acf-ifesbutton\">\n<div class=\"\">\n    <a id=\"btn-block_614c8c234ec27\" target=\"_blank\" href=\"https:\/\/sobremesa.ifesworld.org\/wp-content\/uploads\/2021\/09\/Gods-World-on-Your-Doorstep-ES.pdf\" class=\"btn btn--primary\">\n        <span>\n        LEER AHORA        <\/span>\n    <\/a>\n<\/div>\n\n<\/div><\/div>\n<\/div><\/div>\n\n<div class=\"wp-block block-core-group alignfull\">\n<div class=\"wp-block-group alignfull has-white-dark-background-color has-background is-layout-flow\"><div class=\"wp-block-group__inner-container\"><div class=\"wp-block block-core-heading\">\n<h1 class=\"wp-block-heading\" id=\"bienvenida\">Comparte el&nbsp;v\u00eddeo de bienvenida<\/h1>\n<\/div>\n\n<div class=\"wp-block block-core-columns\">\n<div class=\"wp-block-columns is-layout-flex wp-container-4\">\n<div class=\"wp-block-column is-layout-flow\" style=\"flex-basis:66.66%\"><div class=\"wp-block block-core-paragraph\">\n<p><\/p>\n<\/div>\n\n<div class=\"wp-block block-core-paragraph\">\n<p>Hay un mensaje en especial que queremos enviarles a los estudiantes internacionales \u2013 BIENVENIDOS.&nbsp;Tu y tu grupo estudiantil pueden unirse al movimiento compartiendo <a href=\"https:\/\/sobremesa.ifesworld.org\/wp-content\/uploads\/2021\/09\/IFES-Bienvenido.mp4\">nuestro v\u00eddeo de bienvenida<\/a> en sus plataformas virtuales.&nbsp;<\/p>\n<\/div>\n\n<div class=\"wp-block block-core-paragraph\">\n<p>Crea una cultura de aceptaci\u00f3n y hospitalidad desde el principio.&nbsp;<\/p>\n<\/div>\n\n<div class=\"wp-block block-core-paragraph\">\n<p><a href=\"https:\/\/sobremesa.ifesworld.org\/wp-content\/uploads\/2021\/09\/IFES-Bienvenido.mp4\">Comparte este v\u00eddeo<\/a> en tus redes sociales para enviar un mensaje de \u201cbienvenida\u201d a los estudiantes internacionales que tienes cerca.<\/p>\n<\/div><\/div>\n\n\n\n<div class=\"wp-block-column is-layout-flow\" style=\"flex-basis:33.33%\"><div class=\"wp-block block-core-image\">\n<figure class=\"wp-block-image size-full\"><a href=\"https:\/\/sobremesa.ifesworld.org\/wp-content\/uploads\/2021\/09\/IFES-Bienvenido.mp4\"><img decoding=\"async\" loading=\"lazy\" width=\"360\" height=\"450\" src=\"https:\/\/sobremesa.ifesworld.org\/wp-content\/uploads\/2021\/09\/Share-ES.gif\" alt=\"\" class=\"wp-image-681\"\/><\/a><\/figure>\n<\/div><\/div>\n<\/div>\n<\/div><\/div>\n<\/div><\/div>\n\n<div class=\"wp-block block-core-group\">\n<div class=\"wp-block-group is-layout-flow\"><div class=\"wp-block-group__inner-container\"><div class=\"wp-block block-core-heading\">\n<h1 class=\"wp-block-heading\">IFES Connect<\/h1>\n<\/div>\n\n<div class=\"wp-block block-core-paragraph\">\n<p>\u00bfBuscas m\u00e1s recursos? <a href=\"https:\/\/connect.ifesworld.org\/topics\/29302\">El grupo Sobremesa en IFES\u00a0Connect<\/a>\u00a0contiene art\u00edculos adicionales, v\u00eddeos y enlaces a sitios web para ayudarte a profundizar en tu viaje de amistad con los estudiantes internacionales. Lo mejor de todo es que ofrece una\u00a0<em>comunidad<\/em>\u00a0en la que puedes compartir tus preguntas, historias, retos y alegr\u00edas con otras personas que han aceptado esta llamada.\u00a0\u00a0<\/p>\n<\/div>\n\n<div class=\"wp-block block-core-paragraph\">\n<p>C\u00f3mo unirse:&nbsp;<\/p>\n<\/div>\n\n<div class=\"wp-block block-core-list\">\n<ol><li>Visita <a href=\"https:\/\/connect.ifesworld.org\">connect.ifesworld.org<\/a> para solicitar la admisi\u00f3n.\u00a0<\/li><\/ol>\n<\/div>\n\n<div class=\"wp-block block-core-list\">\n<ol start=\"2\"><li>Una vez aceptada la solicitud, haz clic en \u00abGrupos\u00bb en la parte superior de la p\u00e1gina.&nbsp;<\/li><\/ol>\n<\/div>\n\n<div class=\"wp-block block-core-list\">\n<ol start=\"3\"><li>\u00a1Haz clic en el grupo Sobremesa y empieza a compartir!&nbsp;<\/li><\/ol>\n<\/div>\n\n<div class=\"wp-block block-core-list\">\n<ol start=\"4\"><li>En el grupo, haz clic en \u201cBiblioteca de Recursos\u201d para encontrar material adicional que te ayude a equiparte.&nbsp;<\/li><\/ol>\n<\/div><\/div>\n<\/div><\/div>\n\n<div class=\"wp-block block-core-group alignfull\">\n<div class=\"wp-block-group alignfull is-layout-flow\"><div class=\"wp-block-group__inner-container\"><div class=\"wp-block block-core-group alignfull\">\n<div class=\"wp-block-group alignfull has-white-background-color has-background is-layout-flow\"><div class=\"wp-block-group__inner-container\"><div class=\"wp-block block-acf-calltoactiongrid alignfull\">\n<section id=\"calltoactiongrid-block-block_5fa536c34b3da\" class=\"alignfull calltoaction--grid custom-post-list list--custom\">\n    <ul class='post-list items--3 flex flex--wrap flex--center-x no-style'>\n                <li class=\"post__item flex flex--column\">\n              <article>\n                  <figure class=\"image--absolute--center image--absolute--mask image--absolute--aspect-ratio aspect-ratio--4-3\">\n                    <img width=\"300\" height=\"200\" src=\"https:\/\/sobremesa.ifesworld.org\/wp-content\/uploads\/2020\/11\/19WAWorldStudentDay004-300x200.jpg\" class=\"attachment-medium size-medium\" alt=\"\" decoding=\"async\" loading=\"lazy\" srcset=\"https:\/\/sobremesa.ifesworld.org\/wp-content\/uploads\/2020\/11\/19WAWorldStudentDay004-300x200.jpg 300w, https:\/\/sobremesa.ifesworld.org\/wp-content\/uploads\/2020\/11\/19WAWorldStudentDay004-1024x683.jpg 1024w, https:\/\/sobremesa.ifesworld.org\/wp-content\/uploads\/2020\/11\/19WAWorldStudentDay004-768x512.jpg 768w, https:\/\/sobremesa.ifesworld.org\/wp-content\/uploads\/2020\/11\/19WAWorldStudentDay004-1536x1024.jpg 1536w, https:\/\/sobremesa.ifesworld.org\/wp-content\/uploads\/2020\/11\/19WAWorldStudentDay004.jpg 1920w\" sizes=\"(max-width: 300px) 100vw, 300px\" \/>                  <\/figure>\n                  <div class=\"ctagrid__content flex flex--column flex--end\">\n                      <header class=\"ctagrid__header flex flex--center aspect-ratio--4-3\">\n                          <h2 class=\"h1 flex flex--column flex--center\">Vision<\/h2>\n                      <\/header>\n                      <p class=\"text--center\">\u00bfPor qu\u00e9 hemos sido llamados a amar a nuestros compa\u00f1eros internacionales?<\/p>\n                       \n<div class=\"align--center\">\n    <a id=\"calltoactiongrid-block-block_5fa536c34b3da\" target=\"\" href=\"https:\/\/sobremesa.ifesworld.org\/es\/vision\/\" class=\"grid-cta__button btn btn--secondary\">\n        <span>\n        M\u00e1s informaci\u00f3n        <\/span>\n    <\/a>\n<\/div>\n\n                  <\/div>\n              <\/article>\n          <\/li>\n                <li class=\"post__item flex flex--column\">\n              <article>\n                  <figure class=\"image--absolute--center image--absolute--mask image--absolute--aspect-ratio aspect-ratio--4-3\">\n                    <img width=\"300\" height=\"200\" src=\"https:\/\/sobremesa.ifesworld.org\/wp-content\/uploads\/2020\/11\/REVIVE20191229-AM-0926-300x200.jpg\" class=\"attachment-medium size-medium\" alt=\"\" decoding=\"async\" loading=\"lazy\" srcset=\"https:\/\/sobremesa.ifesworld.org\/wp-content\/uploads\/2020\/11\/REVIVE20191229-AM-0926-300x200.jpg 300w, https:\/\/sobremesa.ifesworld.org\/wp-content\/uploads\/2020\/11\/REVIVE20191229-AM-0926-1024x683.jpg 1024w, https:\/\/sobremesa.ifesworld.org\/wp-content\/uploads\/2020\/11\/REVIVE20191229-AM-0926-768x512.jpg 768w, https:\/\/sobremesa.ifesworld.org\/wp-content\/uploads\/2020\/11\/REVIVE20191229-AM-0926-1536x1024.jpg 1536w, https:\/\/sobremesa.ifesworld.org\/wp-content\/uploads\/2020\/11\/REVIVE20191229-AM-0926.jpg 1920w\" sizes=\"(max-width: 300px) 100vw, 300px\" \/>                  <\/figure>\n                  <div class=\"ctagrid__content flex flex--column flex--end\">\n                      <header class=\"ctagrid__header flex flex--center aspect-ratio--4-3\">\n                          <h2 class=\"h1 flex flex--column flex--center\">Insp\u00edrate<\/h2>\n                      <\/header>\n                      <p class=\"text--center\">Explora las historias de c\u00f3mo Dios est\u00e1 trabajando entre los estudiantes internacionales hoy en d\u00eda.<\/p>\n                       \n<div class=\"align--center\">\n    <a id=\"calltoactiongrid-block-block_5fa536c34b3da\" target=\"\" href=\"https:\/\/sobremesa.ifesworld.org\/es\/blog\/\" class=\"grid-cta__button btn btn--secondary\">\n        <span>\n        Leer m\u00e1s        <\/span>\n    <\/a>\n<\/div>\n\n                  <\/div>\n              <\/article>\n          <\/li>\n          <\/ul>\n<\/section><\/div><\/div>\n<\/div><\/div><\/div>\n<\/div><\/div>","protected":false},"excerpt":{"rendered":"<p>\u00a1No est\u00e1s solo!&nbsp; \u00bfTienes preguntas acerca de la comunicaci\u00f3n&nbsp;inter-cultural? \u00bfAcerca de c\u00f3mo forjar relaciones genuinas? \u00bfSobre c\u00f3mo dirigir un estudio b\u00edblico? \u00bfO sobre c\u00f3mo colaborar con la iglesia local? \u00a1No est\u00e1s solo!&nbsp; Sobremesa te ofrece una variedad de recursos para ayudarte a entender mejor c\u00f3mo hacerte amigo de los estudiantes internacionales que te rodean. Est\u00e1s&#8230;<\/p>\n","protected":false},"author":5,"featured_media":469,"parent":0,"menu_order":0,"comment_status":"closed","ping_status":"closed","template":"","meta":{"inline_featured_image":false},"area":[],"theme":[],"acf":[],"yoast_head":"<!-- This site is optimized with the Yoast SEO plugin v20.8 - https:\/\/yoast.com\/wordpress\/plugins\/seo\/ -->\n<title>F\u00f3rmate - IFES Sobremesa<\/title>\n<meta name=\"robots\" content=\"index, follow, max-snippet:-1, max-image-preview:large, max-video-preview:-1\" \/>\n<link rel=\"canonical\" href=\"https:\/\/sobremesa.ifesworld.org\/es\/formate\/\" \/>\n<meta property=\"og:locale\" content=\"es_ES\" \/>\n<meta property=\"og:type\" content=\"article\" \/>\n<meta property=\"og:title\" content=\"F\u00f3rmate - IFES Sobremesa\" \/>\n<meta property=\"og:description\" content=\"\u00a1No est\u00e1s solo!&nbsp; \u00bfTienes preguntas acerca de la comunicaci\u00f3n&nbsp;inter-cultural? \u00bfAcerca de c\u00f3mo forjar relaciones genuinas? \u00bfSobre c\u00f3mo dirigir un estudio b\u00edblico? \u00bfO sobre c\u00f3mo colaborar con la iglesia local? \u00a1No est\u00e1s solo!&nbsp; Sobremesa te ofrece una variedad de recursos para ayudarte a entender mejor c\u00f3mo hacerte amigo de los estudiantes internacionales que te rodean. Est\u00e1s...\" \/>\n<meta property=\"og:url\" content=\"https:\/\/sobremesa.ifesworld.org\/es\/formate\/\" \/>\n<meta property=\"og:site_name\" content=\"IFES Sobremesa\" \/>\n<meta property=\"article:modified_time\" content=\"2021-10-14T10:43:47+00:00\" \/>\n<meta property=\"og:image\" content=\"https:\/\/sobremesa.ifesworld.org\/wp-content\/uploads\/2021\/02\/17EuropePresence_A5_3763.jpg\" \/>\n\t<meta property=\"og:image:width\" content=\"1920\" \/>\n\t<meta property=\"og:image:height\" content=\"1280\" \/>\n\t<meta property=\"og:image:type\" content=\"image\/jpeg\" \/>\n<meta name=\"twitter:card\" content=\"summary_large_image\" \/>\n<meta name=\"twitter:label1\" content=\"Tiempo de lectura\" \/>\n\t<meta name=\"twitter:data1\" content=\"2 minutos\" \/>\n<script type=\"application\/ld+json\" class=\"yoast-schema-graph\">{\"@context\":\"https:\/\/schema.org\",\"@graph\":[{\"@type\":\"WebPage\",\"@id\":\"https:\/\/sobremesa.ifesworld.org\/es\/formate\/\",\"url\":\"https:\/\/sobremesa.ifesworld.org\/es\/formate\/\",\"name\":\"F\u00f3rmate - IFES Sobremesa\",\"isPartOf\":{\"@id\":\"https:\/\/sobremesa.ifesworld.org\/es\/#website\"},\"datePublished\":\"2021-02-23T11:55:52+00:00\",\"dateModified\":\"2021-10-14T10:43:47+00:00\",\"breadcrumb\":{\"@id\":\"https:\/\/sobremesa.ifesworld.org\/es\/formate\/#breadcrumb\"},\"inLanguage\":\"es\",\"potentialAction\":[{\"@type\":\"ReadAction\",\"target\":[\"https:\/\/sobremesa.ifesworld.org\/es\/formate\/\"]}]},{\"@type\":\"BreadcrumbList\",\"@id\":\"https:\/\/sobremesa.ifesworld.org\/es\/formate\/#breadcrumb\",\"itemListElement\":[{\"@type\":\"ListItem\",\"position\":1,\"name\":\"Home\",\"item\":\"https:\/\/sobremesa.ifesworld.org\/es\/\"},{\"@type\":\"ListItem\",\"position\":2,\"name\":\"F\u00f3rmate\"}]},{\"@type\":\"WebSite\",\"@id\":\"https:\/\/sobremesa.ifesworld.org\/es\/#website\",\"url\":\"https:\/\/sobremesa.ifesworld.org\/es\/\",\"name\":\"IFES Sobremesa\",\"description\":\"Equipping for International Student Ministry\",\"publisher\":{\"@id\":\"https:\/\/sobremesa.ifesworld.org\/es\/#organization\"},\"inLanguage\":\"es\"},{\"@type\":\"Organization\",\"@id\":\"https:\/\/sobremesa.ifesworld.org\/es\/#organization\",\"name\":\"IFES Sobremesa\",\"url\":\"https:\/\/sobremesa.ifesworld.org\/es\/\",\"logo\":{\"@type\":\"ImageObject\",\"inLanguage\":\"es\",\"@id\":\"https:\/\/sobremesa.ifesworld.org\/es\/#\/schema\/logo\/image\/\",\"url\":\"https:\/\/sobremesa.ifesworld.org\/wp-content\/uploads\/2021\/03\/sobremesa-mark-v2.png\",\"contentUrl\":\"https:\/\/sobremesa.ifesworld.org\/wp-content\/uploads\/2021\/03\/sobremesa-mark-v2.png\",\"width\":400,\"height\":400,\"caption\":\"IFES Sobremesa\"},\"image\":{\"@id\":\"https:\/\/sobremesa.ifesworld.org\/es\/#\/schema\/logo\/image\/\"}}]}<\/script>\n<!-- \/ Yoast SEO plugin. -->","yoast_head_json":{"title":"F\u00f3rmate - IFES Sobremesa","robots":{"index":"index","follow":"follow","max-snippet":"max-snippet:-1","max-image-preview":"max-image-preview:large","max-video-preview":"max-video-preview:-1"},"canonical":"https:\/\/sobremesa.ifesworld.org\/es\/formate\/","og_locale":"es_ES","og_type":"article","og_title":"F\u00f3rmate - IFES Sobremesa","og_description":"\u00a1No est\u00e1s solo!&nbsp; \u00bfTienes preguntas acerca de la comunicaci\u00f3n&nbsp;inter-cultural? \u00bfAcerca de c\u00f3mo forjar relaciones genuinas? \u00bfSobre c\u00f3mo dirigir un estudio b\u00edblico? \u00bfO sobre c\u00f3mo colaborar con la iglesia local? \u00a1No est\u00e1s solo!&nbsp; Sobremesa te ofrece una variedad de recursos para ayudarte a entender mejor c\u00f3mo hacerte amigo de los estudiantes internacionales que te rodean. Est\u00e1s...","og_url":"https:\/\/sobremesa.ifesworld.org\/es\/formate\/","og_site_name":"IFES Sobremesa","article_modified_time":"2021-10-14T10:43:47+00:00","og_image":[{"width":1920,"height":1280,"url":"https:\/\/sobremesa.ifesworld.org\/wp-content\/uploads\/2021\/02\/17EuropePresence_A5_3763.jpg","type":"image\/jpeg"}],"twitter_card":"summary_large_image","twitter_misc":{"Tiempo de lectura":"2 minutos"},"schema":{"@context":"https:\/\/schema.org","@graph":[{"@type":"WebPage","@id":"https:\/\/sobremesa.ifesworld.org\/es\/formate\/","url":"https:\/\/sobremesa.ifesworld.org\/es\/formate\/","name":"F\u00f3rmate - IFES Sobremesa","isPartOf":{"@id":"https:\/\/sobremesa.ifesworld.org\/es\/#website"},"datePublished":"2021-02-23T11:55:52+00:00","dateModified":"2021-10-14T10:43:47+00:00","breadcrumb":{"@id":"https:\/\/sobremesa.ifesworld.org\/es\/formate\/#breadcrumb"},"inLanguage":"es","potentialAction":[{"@type":"ReadAction","target":["https:\/\/sobremesa.ifesworld.org\/es\/formate\/"]}]},{"@type":"BreadcrumbList","@id":"https:\/\/sobremesa.ifesworld.org\/es\/formate\/#breadcrumb","itemListElement":[{"@type":"ListItem","position":1,"name":"Home","item":"https:\/\/sobremesa.ifesworld.org\/es\/"},{"@type":"ListItem","position":2,"name":"F\u00f3rmate"}]},{"@type":"WebSite","@id":"https:\/\/sobremesa.ifesworld.org\/es\/#website","url":"https:\/\/sobremesa.ifesworld.org\/es\/","name":"IFES Sobremesa","description":"Equipping for International Student Ministry","publisher":{"@id":"https:\/\/sobremesa.ifesworld.org\/es\/#organization"},"inLanguage":"es"},{"@type":"Organization","@id":"https:\/\/sobremesa.ifesworld.org\/es\/#organization","name":"IFES Sobremesa","url":"https:\/\/sobremesa.ifesworld.org\/es\/","logo":{"@type":"ImageObject","inLanguage":"es","@id":"https:\/\/sobremesa.ifesworld.org\/es\/#\/schema\/logo\/image\/","url":"https:\/\/sobremesa.ifesworld.org\/wp-content\/uploads\/2021\/03\/sobremesa-mark-v2.png","contentUrl":"https:\/\/sobremesa.ifesworld.org\/wp-content\/uploads\/2021\/03\/sobremesa-mark-v2.png","width":400,"height":400,"caption":"IFES Sobremesa"},"image":{"@id":"https:\/\/sobremesa.ifesworld.org\/es\/#\/schema\/logo\/image\/"}}]}},"_links":{"self":[{"href":"https:\/\/sobremesa.ifesworld.org\/es\/wp-json\/wp\/v2\/pages\/360"}],"collection":[{"href":"https:\/\/sobremesa.ifesworld.org\/es\/wp-json\/wp\/v2\/pages"}],"about":[{"href":"https:\/\/sobremesa.ifesworld.org\/es\/wp-json\/wp\/v2\/types\/page"}],"author":[{"embeddable":true,"href":"https:\/\/sobremesa.ifesworld.org\/es\/wp-json\/wp\/v2\/users\/5"}],"replies":[{"embeddable":true,"href":"https:\/\/sobremesa.ifesworld.org\/es\/wp-json\/wp\/v2\/comments?post=360"}],"version-history":[{"count":31,"href":"https:\/\/sobremesa.ifesworld.org\/es\/wp-json\/wp\/v2\/pages\/360\/revisions"}],"predecessor-version":[{"id":739,"href":"https:\/\/sobremesa.ifesworld.org\/es\/wp-json\/wp\/v2\/pages\/360\/revisions\/739"}],"wp:featuredmedia":[{"embeddable":true,"href":"https:\/\/sobremesa.ifesworld.org\/es\/wp-json\/wp\/v2\/media\/469"}],"wp:attachment":[{"href":"https:\/\/sobremesa.ifesworld.org\/es\/wp-json\/wp\/v2\/media?parent=360"}],"wp:term":[{"taxonomy":"area","embeddable":true,"href":"https:\/\/sobremesa.ifesworld.org\/es\/wp-json\/wp\/v2\/area?post=360"},{"taxonomy":"theme","embeddable":true,"href":"https:\/\/sobremesa.ifesworld.org\/es\/wp-json\/wp\/v2\/theme?post=360"}],"curies":[{"name":"wp","href":"https:\/\/api.w.org\/{rel}","templated":true}]}}